{"id":4315,"date":"2026-03-04T19:16:41","date_gmt":"2026-03-04T19:16:41","guid":{"rendered":"https:\/\/neurodivershop.com\/?post_type=product&#038;p=4315"},"modified":"2026-03-04T19:19:04","modified_gmt":"2026-03-04T19:19:04","slug":"mochi-michi","status":"publish","type":"product","link":"https:\/\/neurodivershop.com\/index.php\/product\/mochi-michi\/","title":{"rendered":"Mochi michi"},"content":{"rendered":"<p data-path-to-node=\"4\">El <b data-path-to-node=\"4\" data-index-in-node=\"3\">Mochi Michi<\/b> no es solo un gatito muy adorable de 5 x 6,5 cent\u00edmetros; tambi\u00e9n es una herramienta de estimulaci\u00f3n t\u00e1ctil dise\u00f1ada para ofrecer calma inmediata a trav\u00e9s de la presi\u00f3n y la textura. Su material ultra flexible y su dise\u00f1o ergon\u00f3mico lo convierten en el compa\u00f1ero ideal para momentos de sobrecarga sensorial o necesidad de b\u00fasqueda de input t\u00e1ctil. Su superficie es muy suave, muy lisa y nada pegajosa, y vuelve a su forma original en un instante, sin importar cu\u00e1nto lo aprietes.<\/p>\n<p data-path-to-node=\"6,3,0\">\n","protected":false},"excerpt":{"rendered":"<p>El <b data-path-to-node=\"4\" data-index-in-node=\"3\">Mochi Michi<\/b> no es solo un gatito muy adorable de 5 x 6,5 cent\u00edmetros; tambi\u00e9n es una herramienta de estimulaci\u00f3n t\u00e1ctil dise\u00f1ada para ofrecer calma inmediata a trav\u00e9s de la presi\u00f3n y la textura. Su material ultra flexible y su dise\u00f1o ergon\u00f3mico lo convierten en el compa\u00f1ero ideal para momentos de sobrecarga sensorial o necesidad de b\u00fasqueda de input t\u00e1ctil. Su superficie es muy suave, muy lisa y nada pegajosa, y vuelve a su forma original en un instante, sin importar cu\u00e1nto lo aprietes.<\/p>\n","protected":false},"featured_media":4321,"template":"","meta":{"om_disable_all_campaigns":false,"_monsterinsights_skip_tracking":false,"_monsterinsights_sitenote_active":false,"_monsterinsights_sitenote_note":"","_monsterinsights_sitenote_category":0,"site-sidebar-layout":"default","site-content-layout":"default","ast-global-header-display":"","ast-main-header-display":"","ast-hfb-above-header-display":"","ast-hfb-below-header-display":"","ast-hfb-mobile-header-display":"","site-post-title":"","ast-breadcrumbs-content":"","ast-featured-img":"","footer-sml-layout":"","theme-transparent-header-meta":"default","adv-header-id-meta":"","stick-header-meta":"","header-above-stick-meta":"","header-main-stick-meta":"","header-below-stick-meta":""},"product_brand":[],"product_cat":[23],"product_tag":[24,25],"class_list":{"0":"post-4315","1":"product","2":"type-product","3":"status-publish","4":"has-post-thumbnail","6":"product_cat-fidgets","7":"product_tag-apretables","8":"product_tag-fidgets","9":"desktop-align-left","10":"tablet-align-left","11":"mobile-align-left","13":"first","14":"instock","15":"shipping-taxable","16":"purchasable","17":"product-type-simple"},"aioseo_notices":[],"jetpack_sharing_enabled":true,"_links":{"self":[{"href":"https:\/\/neurodivershop.com\/index.php\/wp-json\/wp\/v2\/product\/4315","targetHints":{"allow":["GET"]}}],"collection":[{"href":"https:\/\/neurodivershop.com\/index.php\/wp-json\/wp\/v2\/product"}],"about":[{"href":"https:\/\/neurodivershop.com\/index.php\/wp-json\/wp\/v2\/types\/product"}],"wp:featuredmedia":[{"embeddable":true,"href":"https:\/\/neurodivershop.com\/index.php\/wp-json\/wp\/v2\/media\/4321"}],"wp:attachment":[{"href":"https:\/\/neurodivershop.com\/index.php\/wp-json\/wp\/v2\/media?parent=4315"}],"wp:term":[{"taxonomy":"product_brand","embeddable":true,"href":"https:\/\/neurodivershop.com\/index.php\/wp-json\/wp\/v2\/product_brand?post=4315"},{"taxonomy":"product_cat","embeddable":true,"href":"https:\/\/neurodivershop.com\/index.php\/wp-json\/wp\/v2\/product_cat?post=4315"},{"taxonomy":"product_tag","embeddable":true,"href":"https:\/\/neurodivershop.com\/index.php\/wp-json\/wp\/v2\/product_tag?post=4315"}],"curies":[{"name":"wp","href":"https:\/\/api.w.org\/{rel}","templated":true}]}}