{"id":4270,"date":"2025-11-01T22:30:41","date_gmt":"2025-11-01T22:30:41","guid":{"rendered":"https:\/\/neurodivershop.com\/?post_type=product&#038;p=4270"},"modified":"2026-03-25T21:34:56","modified_gmt":"2026-03-25T21:34:56","slug":"sensory-pads","status":"publish","type":"product","link":"https:\/\/neurodivershop.com\/index.php\/product\/sensory-pads\/","title":{"rendered":"Sensory pads"},"content":{"rendered":"<p>Estos Sensory pads est\u00e1n hechos de silicona flexible, vienen en 8 colores y modelos\/texturas distintos. Miden 8,8&#215;3,3cm y vienen con ventosas para poder adherirlos f\u00e1cilmente a cualquier superficie lisa, ya sea en tu celular, computador, mesa, ventana, espejo, puerta del refrigerador, pizarra acr\u00edlica, puerta de cl\u00f3set \u00a1y muchos otros! El l\u00edmite est\u00e1 en la imaginaci\u00f3n. Son blandos, suaves y agradables al tacto y no tienen olor. Son f\u00e1ciles de poner y sacar de superficies para poder adaptarlo una y otra vez seg\u00fan prefieras.<\/p>\n<p>Son ideales para espacios sensoriales y educativos, ayudan a la concentraci\u00f3n y regulaci\u00f3n sensorial y emocional.<\/p>\n<p>&nbsp;<\/p>\n","protected":false},"excerpt":{"rendered":"<p>Estos Sensory pads est\u00e1n hechos de silicona flexible, vienen en 8 colores y modelos\/texturas distintos. Miden 8,8&#215;3,3cm y vienen con ventosas para poder adherirlos f\u00e1cilmente a cualquier superficie lisa, ya sea en tu celular, computador, mesa, ventana, espejo, puerta del refrigerador, pizarra acr\u00edlica, puerta de cl\u00f3set \u00a1y muchos otros! El l\u00edmite est\u00e1 en la imaginaci\u00f3n. Son blandos, suaves y agradables al tacto y no tienen olor. Son f\u00e1ciles de poner y sacar de superficies para poder adaptarlo una y otra vez seg\u00fan prefieras.<\/p>\n<p>Son ideales para espacios sensoriales y educativos, ayudan a la concentraci\u00f3n y regulaci\u00f3n sensorial y emocional.<\/p>\n","protected":false},"featured_media":4283,"template":"","meta":{"om_disable_all_campaigns":false,"_monsterinsights_skip_tracking":false,"_monsterinsights_sitenote_active":false,"_monsterinsights_sitenote_note":"","_monsterinsights_sitenote_category":0,"site-sidebar-layout":"default","site-content-layout":"default","ast-global-header-display":"","ast-main-header-display":"","ast-hfb-above-header-display":"","ast-hfb-below-header-display":"","ast-hfb-mobile-header-display":"","site-post-title":"","ast-breadcrumbs-content":"","ast-featured-img":"","footer-sml-layout":"","theme-transparent-header-meta":"default","adv-header-id-meta":"","stick-header-meta":"","header-above-stick-meta":"","header-main-stick-meta":"","header-below-stick-meta":""},"product_brand":[],"product_cat":[23],"product_tag":[25],"class_list":{"0":"post-4270","1":"product","2":"type-product","3":"status-publish","4":"has-post-thumbnail","6":"product_cat-fidgets","7":"product_tag-fidgets","8":"desktop-align-left","9":"tablet-align-left","10":"mobile-align-left","12":"first","13":"instock","14":"shipping-taxable","15":"purchasable","16":"product-type-variable"},"aioseo_notices":[],"jetpack_sharing_enabled":true,"_links":{"self":[{"href":"https:\/\/neurodivershop.com\/index.php\/wp-json\/wp\/v2\/product\/4270","targetHints":{"allow":["GET"]}}],"collection":[{"href":"https:\/\/neurodivershop.com\/index.php\/wp-json\/wp\/v2\/product"}],"about":[{"href":"https:\/\/neurodivershop.com\/index.php\/wp-json\/wp\/v2\/types\/product"}],"wp:featuredmedia":[{"embeddable":true,"href":"https:\/\/neurodivershop.com\/index.php\/wp-json\/wp\/v2\/media\/4283"}],"wp:attachment":[{"href":"https:\/\/neurodivershop.com\/index.php\/wp-json\/wp\/v2\/media?parent=4270"}],"wp:term":[{"taxonomy":"product_brand","embeddable":true,"href":"https:\/\/neurodivershop.com\/index.php\/wp-json\/wp\/v2\/product_brand?post=4270"},{"taxonomy":"product_cat","embeddable":true,"href":"https:\/\/neurodivershop.com\/index.php\/wp-json\/wp\/v2\/product_cat?post=4270"},{"taxonomy":"product_tag","embeddable":true,"href":"https:\/\/neurodivershop.com\/index.php\/wp-json\/wp\/v2\/product_tag?post=4270"}],"curies":[{"name":"wp","href":"https:\/\/api.w.org\/{rel}","templated":true}]}}