{"id":4167,"date":"2025-07-25T13:02:02","date_gmt":"2025-07-25T13:02:02","guid":{"rendered":"https:\/\/neurodivershop.com\/?post_type=product&#038;p=4167"},"modified":"2026-01-01T19:13:06","modified_gmt":"2026-01-01T19:13:06","slug":"esferas-magneticas-zen","status":"publish","type":"product","link":"https:\/\/neurodivershop.com\/index.php\/product\/esferas-magneticas-zen\/","title":{"rendered":"Esferas magn\u00e9ticas zen"},"content":{"rendered":"<p>Encuentra la calma y regulaci\u00f3n con este elegante set de Esferas magn\u00e9ticas zen.<\/p>\n<p>Cada pack incluye 4 esferas con texturas distintas, cubiertas de silicona suave al tacto, dise\u00f1adas para brindar una experiencia sensorial \u00fanica. Gracias a su peso y a la fuerza magn\u00e9tica, son ideales para manipular, juntar, separar o simplemente rodar entre los dedos, ayudando a reducir la ansiedad, mejorar la concentraci\u00f3n y regular la energ\u00eda nerviosa. El pack incluye cuatro texturas distintas para una experiencia variada.<\/p>\n<p>Disponibles en negro y morado, vienen en un estuche compacto y resistente, perfecto para llevarlas contigo a cualquier parte.<\/p>\n","protected":false},"excerpt":{"rendered":"<p>Encuentra la calma y regulaci\u00f3n con este elegante set de Esferas magn\u00e9ticas zen.<\/p>\n<p>Cada pack incluye 4 esferas con texturas distintas, cubiertas de silicona suave al tacto, dise\u00f1adas para brindar una experiencia sensorial \u00fanica. Gracias a su peso y a la fuerza magn\u00e9tica, son ideales para manipular, juntar, separar o simplemente rodar entre los dedos, ayudando a reducir la ansiedad, mejorar la concentraci\u00f3n y regular la energ\u00eda nerviosa. El pack incluye cuatro texturas distintas para una experiencia variada.<\/p>\n<p>Disponibles en negro y morado, vienen en un estuche compacto y resistente, perfecto para llevarlas contigo a cualquier parte.<\/p>\n","protected":false},"featured_media":4137,"template":"","meta":{"om_disable_all_campaigns":false,"_monsterinsights_skip_tracking":false,"_monsterinsights_sitenote_active":false,"_monsterinsights_sitenote_note":"","_monsterinsights_sitenote_category":0,"site-sidebar-layout":"default","site-content-layout":"default","ast-global-header-display":"","ast-main-header-display":"","ast-hfb-above-header-display":"","ast-hfb-below-header-display":"","ast-hfb-mobile-header-display":"","site-post-title":"","ast-breadcrumbs-content":"","ast-featured-img":"","footer-sml-layout":"","theme-transparent-header-meta":"default","adv-header-id-meta":"","stick-header-meta":"","header-above-stick-meta":"","header-main-stick-meta":"","header-below-stick-meta":""},"product_brand":[],"product_cat":[23],"product_tag":[25],"class_list":{"0":"post-4167","1":"product","2":"type-product","3":"status-publish","4":"has-post-thumbnail","6":"product_cat-fidgets","7":"product_tag-fidgets","8":"desktop-align-left","9":"tablet-align-left","10":"mobile-align-left","12":"first","13":"instock","14":"shipping-taxable","15":"purchasable","16":"product-type-variable"},"aioseo_notices":[],"jetpack_sharing_enabled":true,"_links":{"self":[{"href":"https:\/\/neurodivershop.com\/index.php\/wp-json\/wp\/v2\/product\/4167","targetHints":{"allow":["GET"]}}],"collection":[{"href":"https:\/\/neurodivershop.com\/index.php\/wp-json\/wp\/v2\/product"}],"about":[{"href":"https:\/\/neurodivershop.com\/index.php\/wp-json\/wp\/v2\/types\/product"}],"wp:featuredmedia":[{"embeddable":true,"href":"https:\/\/neurodivershop.com\/index.php\/wp-json\/wp\/v2\/media\/4137"}],"wp:attachment":[{"href":"https:\/\/neurodivershop.com\/index.php\/wp-json\/wp\/v2\/media?parent=4167"}],"wp:term":[{"taxonomy":"product_brand","embeddable":true,"href":"https:\/\/neurodivershop.com\/index.php\/wp-json\/wp\/v2\/product_brand?post=4167"},{"taxonomy":"product_cat","embeddable":true,"href":"https:\/\/neurodivershop.com\/index.php\/wp-json\/wp\/v2\/product_cat?post=4167"},{"taxonomy":"product_tag","embeddable":true,"href":"https:\/\/neurodivershop.com\/index.php\/wp-json\/wp\/v2\/product_tag?post=4167"}],"curies":[{"name":"wp","href":"https:\/\/api.w.org\/{rel}","templated":true}]}}