{"id":4166,"date":"2025-07-23T22:23:58","date_gmt":"2025-07-23T22:23:58","guid":{"rendered":"https:\/\/neurodivershop.com\/?post_type=product&#038;p=4166"},"modified":"2025-11-15T12:41:50","modified_gmt":"2025-11-15T12:41:50","slug":"llavero-de-teclado","status":"publish","type":"product","link":"https:\/\/neurodivershop.com\/index.php\/product\/llavero-de-teclado\/","title":{"rendered":"Llavero de teclado"},"content":{"rendered":"<p>Si te gusta el stimming auditivo, este llavero de teclado hace un sonido muy agradable, las teclas son suaves y el sonido lo es tambi\u00e9n. Adem\u00e1s sus colores son hermosos y te acompa\u00f1ar\u00e1 cuando quieras regularte.<\/p>\n<p>El color es al azar.<\/p>\n","protected":false},"excerpt":{"rendered":"<p>Si te gusta el stimming auditivo, este llavero de teclado hace un sonido muy agradable, las teclas son suaves y el sonido lo es tambi\u00e9n. Adem\u00e1s sus colores son hermosos y te acompa\u00f1ar\u00e1 cuando quieras regularte.<\/p>\n<p>El color es al azar.<\/p>\n","protected":false},"featured_media":4147,"template":"","meta":{"om_disable_all_campaigns":false,"_monsterinsights_skip_tracking":false,"_monsterinsights_sitenote_active":false,"_monsterinsights_sitenote_note":"","_monsterinsights_sitenote_category":0,"site-sidebar-layout":"default","site-content-layout":"default","ast-global-header-display":"","ast-main-header-display":"","ast-hfb-above-header-display":"","ast-hfb-below-header-display":"","ast-hfb-mobile-header-display":"","site-post-title":"","ast-breadcrumbs-content":"","ast-featured-img":"","footer-sml-layout":"","theme-transparent-header-meta":"default","adv-header-id-meta":"","stick-header-meta":"","header-above-stick-meta":"","header-main-stick-meta":"","header-below-stick-meta":""},"product_brand":[],"product_cat":[23,59],"product_tag":[25,60],"class_list":{"0":"post-4166","1":"product","2":"type-product","3":"status-publish","4":"has-post-thumbnail","6":"product_cat-fidgets","7":"product_cat-llavero","8":"product_tag-fidgets","9":"product_tag-llavero","10":"desktop-align-left","11":"tablet-align-left","12":"mobile-align-left","14":"first","15":"instock","16":"shipping-taxable","17":"purchasable","18":"product-type-simple"},"aioseo_notices":[],"jetpack_sharing_enabled":true,"_links":{"self":[{"href":"https:\/\/neurodivershop.com\/index.php\/wp-json\/wp\/v2\/product\/4166","targetHints":{"allow":["GET"]}}],"collection":[{"href":"https:\/\/neurodivershop.com\/index.php\/wp-json\/wp\/v2\/product"}],"about":[{"href":"https:\/\/neurodivershop.com\/index.php\/wp-json\/wp\/v2\/types\/product"}],"wp:featuredmedia":[{"embeddable":true,"href":"https:\/\/neurodivershop.com\/index.php\/wp-json\/wp\/v2\/media\/4147"}],"wp:attachment":[{"href":"https:\/\/neurodivershop.com\/index.php\/wp-json\/wp\/v2\/media?parent=4166"}],"wp:term":[{"taxonomy":"product_brand","embeddable":true,"href":"https:\/\/neurodivershop.com\/index.php\/wp-json\/wp\/v2\/product_brand?post=4166"},{"taxonomy":"product_cat","embeddable":true,"href":"https:\/\/neurodivershop.com\/index.php\/wp-json\/wp\/v2\/product_cat?post=4166"},{"taxonomy":"product_tag","embeddable":true,"href":"https:\/\/neurodivershop.com\/index.php\/wp-json\/wp\/v2\/product_tag?post=4166"}],"curies":[{"name":"wp","href":"https:\/\/api.w.org\/{rel}","templated":true}]}}