{"id":4156,"date":"2025-07-22T18:46:05","date_gmt":"2025-07-22T18:46:05","guid":{"rendered":"https:\/\/neurodivershop.com\/?post_type=product&#038;p=4156"},"modified":"2026-03-03T03:25:00","modified_gmt":"2026-03-03T03:25:00","slug":"anillos-de-acupresion","status":"publish","type":"product","link":"https:\/\/neurodivershop.com\/index.php\/product\/anillos-de-acupresion\/","title":{"rendered":"Anillos de acupresi\u00f3n"},"content":{"rendered":"<p>Peque\u00f1os, discretos y efectivos. Estos anillos de acupresi\u00f3n est\u00e1n dise\u00f1ados para estimular puntos de presi\u00f3n en los dedos, ayudando a reducir la ansiedad, mejorar la concentraci\u00f3n y brindar una sensaci\u00f3n de calma.<\/p>\n<p>Fabricados con material flexible, se adaptan f\u00e1cilmente al tama\u00f1o de cada dedo. Solo necesitas deslizar el anillo suavemente durante unos minutos para activar los beneficios de la estimulaci\u00f3n t\u00e1ctil.<\/p>\n<p>Ideales para cualquiera que busque una herramienta sensorial simple y port\u00e1til para regular su sistema nervioso.<\/p>\n<p>Disponible en distintos colores, elige tu favorito.<\/p>\n<p>&nbsp;<\/p>\n","protected":false},"excerpt":{"rendered":"<p>Peque\u00f1os, discretos y efectivos. Estos anillos de acupresi\u00f3n est\u00e1n dise\u00f1ados para estimular puntos de presi\u00f3n en los dedos, ayudando a reducir la ansiedad, mejorar la concentraci\u00f3n y brindar una sensaci\u00f3n de calma.<\/p>\n<p>Fabricados con material flexible, se adaptan f\u00e1cilmente al tama\u00f1o de cada dedo. Solo necesitas deslizar el anillo suavemente durante unos minutos para activar los beneficios de la estimulaci\u00f3n t\u00e1ctil.<\/p>\n<p>Ideales para cualquiera que busque una herramienta sensorial simple y port\u00e1til para regular su sistema nervioso.<\/p>\n<p>Disponible en distintos colores, elige tu favorito.<\/p>\n<p>&nbsp;<\/p>\n","protected":false},"featured_media":4125,"template":"","meta":{"om_disable_all_campaigns":false,"_monsterinsights_skip_tracking":false,"_monsterinsights_sitenote_active":false,"_monsterinsights_sitenote_note":"","_monsterinsights_sitenote_category":0,"site-sidebar-layout":"default","site-content-layout":"default","ast-global-header-display":"","ast-main-header-display":"","ast-hfb-above-header-display":"","ast-hfb-below-header-display":"","ast-hfb-mobile-header-display":"","site-post-title":"","ast-breadcrumbs-content":"","ast-featured-img":"","footer-sml-layout":"","theme-transparent-header-meta":"default","adv-header-id-meta":"","stick-header-meta":"","header-above-stick-meta":"","header-main-stick-meta":"","header-below-stick-meta":""},"product_brand":[],"product_cat":[70,23],"product_tag":[39,25],"class_list":{"0":"post-4156","1":"product","2":"type-product","3":"status-publish","4":"has-post-thumbnail","6":"product_cat-anillos","7":"product_cat-fidgets","8":"product_tag-anillo","9":"product_tag-fidgets","10":"desktop-align-left","11":"tablet-align-left","12":"mobile-align-left","14":"first","15":"instock","16":"shipping-taxable","17":"purchasable","18":"product-type-variable"},"aioseo_notices":[],"jetpack_sharing_enabled":true,"_links":{"self":[{"href":"https:\/\/neurodivershop.com\/index.php\/wp-json\/wp\/v2\/product\/4156","targetHints":{"allow":["GET"]}}],"collection":[{"href":"https:\/\/neurodivershop.com\/index.php\/wp-json\/wp\/v2\/product"}],"about":[{"href":"https:\/\/neurodivershop.com\/index.php\/wp-json\/wp\/v2\/types\/product"}],"wp:featuredmedia":[{"embeddable":true,"href":"https:\/\/neurodivershop.com\/index.php\/wp-json\/wp\/v2\/media\/4125"}],"wp:attachment":[{"href":"https:\/\/neurodivershop.com\/index.php\/wp-json\/wp\/v2\/media?parent=4156"}],"wp:term":[{"taxonomy":"product_brand","embeddable":true,"href":"https:\/\/neurodivershop.com\/index.php\/wp-json\/wp\/v2\/product_brand?post=4156"},{"taxonomy":"product_cat","embeddable":true,"href":"https:\/\/neurodivershop.com\/index.php\/wp-json\/wp\/v2\/product_cat?post=4156"},{"taxonomy":"product_tag","embeddable":true,"href":"https:\/\/neurodivershop.com\/index.php\/wp-json\/wp\/v2\/product_tag?post=4156"}],"curies":[{"name":"wp","href":"https:\/\/api.w.org\/{rel}","templated":true}]}}