{"id":4153,"date":"2025-07-24T15:08:39","date_gmt":"2025-07-24T15:08:39","guid":{"rendered":"https:\/\/neurodivershop.com\/?post_type=product&#038;p=4153"},"modified":"2025-11-06T23:41:31","modified_gmt":"2025-11-06T23:41:31","slug":"wacky-tracky","status":"publish","type":"product","link":"https:\/\/neurodivershop.com\/index.php\/product\/wacky-tracky\/","title":{"rendered":"Wacky tracky"},"content":{"rendered":"<p>Este fidget toy viene en dos lindos colores, y tiene articulaciones en cada eslab\u00f3n, para poder crear todas las figuras que quieras. Adem\u00e1s, hace un sonido suave y agradable al girar cada articulaci\u00f3n. \u00a1Crea formas \u00fanicas!<\/p>\n","protected":false},"excerpt":{"rendered":"<p>Este fidget toy viene en dos lindos colores, y tiene articulaciones en cada eslab\u00f3n, para poder crear todas las figuras que quieras. Adem\u00e1s, hace un sonido suave y agradable al girar cada articulaci\u00f3n. \u00a1Crea formas \u00fanicas!<\/p>\n","protected":false},"featured_media":4120,"template":"","meta":{"om_disable_all_campaigns":false,"_monsterinsights_skip_tracking":false,"_monsterinsights_sitenote_active":false,"_monsterinsights_sitenote_note":"","_monsterinsights_sitenote_category":0,"site-sidebar-layout":"default","site-content-layout":"default","ast-global-header-display":"","ast-main-header-display":"","ast-hfb-above-header-display":"","ast-hfb-below-header-display":"","ast-hfb-mobile-header-display":"","site-post-title":"","ast-breadcrumbs-content":"","ast-featured-img":"","footer-sml-layout":"","theme-transparent-header-meta":"default","adv-header-id-meta":"","stick-header-meta":"","header-above-stick-meta":"","header-main-stick-meta":"","header-below-stick-meta":""},"product_brand":[],"product_cat":[23],"product_tag":[25],"class_list":{"0":"post-4153","1":"product","2":"type-product","3":"status-publish","4":"has-post-thumbnail","6":"product_cat-fidgets","7":"product_tag-fidgets","8":"desktop-align-left","9":"tablet-align-left","10":"mobile-align-left","12":"first","13":"instock","14":"shipping-taxable","15":"purchasable","16":"product-type-variable"},"aioseo_notices":[],"jetpack_sharing_enabled":true,"_links":{"self":[{"href":"https:\/\/neurodivershop.com\/index.php\/wp-json\/wp\/v2\/product\/4153","targetHints":{"allow":["GET"]}}],"collection":[{"href":"https:\/\/neurodivershop.com\/index.php\/wp-json\/wp\/v2\/product"}],"about":[{"href":"https:\/\/neurodivershop.com\/index.php\/wp-json\/wp\/v2\/types\/product"}],"wp:featuredmedia":[{"embeddable":true,"href":"https:\/\/neurodivershop.com\/index.php\/wp-json\/wp\/v2\/media\/4120"}],"wp:attachment":[{"href":"https:\/\/neurodivershop.com\/index.php\/wp-json\/wp\/v2\/media?parent=4153"}],"wp:term":[{"taxonomy":"product_brand","embeddable":true,"href":"https:\/\/neurodivershop.com\/index.php\/wp-json\/wp\/v2\/product_brand?post=4153"},{"taxonomy":"product_cat","embeddable":true,"href":"https:\/\/neurodivershop.com\/index.php\/wp-json\/wp\/v2\/product_cat?post=4153"},{"taxonomy":"product_tag","embeddable":true,"href":"https:\/\/neurodivershop.com\/index.php\/wp-json\/wp\/v2\/product_tag?post=4153"}],"curies":[{"name":"wp","href":"https:\/\/api.w.org\/{rel}","templated":true}]}}