{"id":4105,"date":"2025-07-10T00:22:53","date_gmt":"2025-07-10T00:22:53","guid":{"rendered":"https:\/\/neurodivershop.com\/?post_type=product&#038;p=4105"},"modified":"2025-07-13T23:00:07","modified_gmt":"2025-07-13T23:00:07","slug":"bandas-elasticas-de-silla-para-hiperactividad","status":"publish","type":"product","link":"https:\/\/neurodivershop.com\/index.php\/product\/bandas-elasticas-de-silla-para-hiperactividad\/","title":{"rendered":"Banda el\u00e1stica de silla para hiperactividad"},"content":{"rendered":"<p>Esta banda el\u00e1stica es excelente para que ni\u00f1os y adultos puedan mover los pies libremente mientras est\u00e1n sentados y ayuda a regular la ansiedad y la necesidad de movimiento. Es resistente al uso diario y se adapta a la mayor\u00eda de las sillas, especialmente a las sillas de las aulas. Es f\u00e1cil de poner y quitar, y se puede limpiar con un pa\u00f1o h\u00famedo.<\/p>\n","protected":false},"excerpt":{"rendered":"<p>Esta banda el\u00e1stica es excelente para que ni\u00f1os y adultos puedan mover los pies libremente mientras est\u00e1n sentados y ayuda a regular la ansiedad y la necesidad de movimiento. Es resistente al uso diario y se adapta a la mayor\u00eda de las sillas, especialmente a las sillas de las aulas. Es f\u00e1cil de poner y quitar, y se puede limpiar con un pa\u00f1o h\u00famedo.<\/p>\n","protected":false},"featured_media":4109,"template":"","meta":{"om_disable_all_campaigns":false,"_monsterinsights_skip_tracking":false,"_monsterinsights_sitenote_active":false,"_monsterinsights_sitenote_note":"","_monsterinsights_sitenote_category":0,"site-sidebar-layout":"default","site-content-layout":"default","ast-global-header-display":"","ast-main-header-display":"","ast-hfb-above-header-display":"","ast-hfb-below-header-display":"","ast-hfb-mobile-header-display":"","site-post-title":"","ast-breadcrumbs-content":"","ast-featured-img":"","footer-sml-layout":"","theme-transparent-header-meta":"default","adv-header-id-meta":"","stick-header-meta":"","header-above-stick-meta":"","header-main-stick-meta":"","header-below-stick-meta":""},"product_brand":[],"product_cat":[93],"product_tag":[96,97,95,94],"class_list":{"0":"post-4105","1":"product","2":"type-product","3":"status-publish","4":"has-post-thumbnail","6":"product_cat-regulacion-de-movimiento","7":"product_tag-bandas-elasticas","8":"product_tag-colegios","9":"product_tag-hiperactividad","10":"product_tag-regulacion-de-movimiento","11":"desktop-align-left","12":"tablet-align-left","13":"mobile-align-left","15":"first","16":"instock","17":"shipping-taxable","18":"purchasable","19":"product-type-simple"},"aioseo_notices":[],"jetpack_sharing_enabled":true,"_links":{"self":[{"href":"https:\/\/neurodivershop.com\/index.php\/wp-json\/wp\/v2\/product\/4105","targetHints":{"allow":["GET"]}}],"collection":[{"href":"https:\/\/neurodivershop.com\/index.php\/wp-json\/wp\/v2\/product"}],"about":[{"href":"https:\/\/neurodivershop.com\/index.php\/wp-json\/wp\/v2\/types\/product"}],"wp:featuredmedia":[{"embeddable":true,"href":"https:\/\/neurodivershop.com\/index.php\/wp-json\/wp\/v2\/media\/4109"}],"wp:attachment":[{"href":"https:\/\/neurodivershop.com\/index.php\/wp-json\/wp\/v2\/media?parent=4105"}],"wp:term":[{"taxonomy":"product_brand","embeddable":true,"href":"https:\/\/neurodivershop.com\/index.php\/wp-json\/wp\/v2\/product_brand?post=4105"},{"taxonomy":"product_cat","embeddable":true,"href":"https:\/\/neurodivershop.com\/index.php\/wp-json\/wp\/v2\/product_cat?post=4105"},{"taxonomy":"product_tag","embeddable":true,"href":"https:\/\/neurodivershop.com\/index.php\/wp-json\/wp\/v2\/product_tag?post=4105"}],"curies":[{"name":"wp","href":"https:\/\/api.w.org\/{rel}","templated":true}]}}