{"id":3938,"date":"2025-03-11T21:00:33","date_gmt":"2025-03-11T21:00:33","guid":{"rendered":"https:\/\/neurodivershop.com\/?post_type=product&#038;p=3938"},"modified":"2025-10-01T16:02:21","modified_gmt":"2025-10-01T16:02:21","slug":"audifonos-para-dormir","status":"publish","type":"product","link":"https:\/\/neurodivershop.com\/index.php\/product\/audifonos-para-dormir\/","title":{"rendered":"Aud\u00edfonos para dormir"},"content":{"rendered":"<p>Si eres como yo, los ruidos nocturnos te interrumpen el sue\u00f1o. Y si lo que haces al respecto es dormir con aud\u00edfonos con una m\u00fasica suave o ruido blanco que tape el ruido, entonces sabes que usar aud\u00edfonos para dormir es inc\u00f3modo y lastima la oreja. La buena noticia es que \u00a1este producto resuelve ese problema!<\/p>\n<p>He probado al menos 6 modelos diferentes de aud\u00edfonos dise\u00f1ados para dormir, y estos destacaron en todas las \u00e1reas, lo puedo decir con propiedad despu\u00e9s de usarlos durante mucho tiempo, porque:<\/p>\n<p>-Al ser de cable no dependen de una bater\u00eda as\u00ed que puedes dormir 16 horas sin interrupci\u00f3n.<\/p>\n<p>-Son de silicona flexible, y su peculiar forma encaja perfectamente bien en la oreja, evitando relieves inc\u00f3modos y adapt\u00e1ndose a ti, a\u00fan si duermes de lado.<\/p>\n<p>-El sonido es bueno (no suena muy alto porque no est\u00e1n dise\u00f1ados para ello, sino solo para dormir, pero reduce bastante bien los sonidos exteriores).<\/p>\n<p>-Las gomitas vienen incorporadas al dise\u00f1o, as\u00ed que no se salen (no vas a estar a las 3am buscando una gomita en la oscuridad)<\/p>\n<p>-La textura es muy agradable y se mantienen en su lugar.<\/p>\n<p>-Su cable es m\u00e1s largo de lo usual, para que puedas dar vueltas sin riesgo a quedarte cort@<\/p>\n<p>Su duraci\u00f3n es la misma est\u00e1ndar de cualquier aud\u00edfono, alrededor de un par de meses (dependiendo del uso y abuso), pero son meses deliciosamente bien dormidos. Tambi\u00e9n son m\u00e1s econ\u00f3micos que el est\u00e1ndar de los aud\u00edfonos para que puedas comprarte repuestos sin culpa y estar siempre tranquil@ de que dormir\u00e1s bien.<\/p>\n","protected":false},"excerpt":{"rendered":"<p>Si eres como yo, los ruidos nocturnos te interrumpen el sue\u00f1o. Y si lo que haces al respecto es dormir con aud\u00edfonos con una m\u00fasica suave o ruido blanco que tape el ruido, entonces sabes que usar aud\u00edfonos para dormir es inc\u00f3modo y lastima la oreja. La buena noticia es que \u00a1este producto resuelve ese problema!<\/p>\n<p>He probado al menos 6 modelos diferentes de aud\u00edfonos dise\u00f1ados para dormir, y estos destacaron en todas las \u00e1reas, lo puedo decir con propiedad despu\u00e9s de usarlos durante mucho tiempo, porque:<\/p>\n<p>-Al ser de cable no dependen de una bater\u00eda as\u00ed que puedes dormir 16 horas sin interrupci\u00f3n.<\/p>\n<p>-Son de silicona flexible, y su peculiar forma encaja perfectamente bien en la oreja, evitando relieves inc\u00f3modos y adapt\u00e1ndose a ti, a\u00fan si duermes de lado.<\/p>\n<p>-El sonido es bueno (no suena muy alto porque no est\u00e1n dise\u00f1ados para ello, sino solo para dormir, pero reduce bastante bien los sonidos exteriores).<\/p>\n<p>-Las gomitas vienen incorporadas al dise\u00f1o, as\u00ed que no se salen (no vas a estar a las 3am buscando una gomita en la oscuridad)<\/p>\n<p>-La textura es muy agradable y se mantienen en su lugar.<\/p>\n<p>-Su cable es m\u00e1s largo de lo usual, para que puedas dar vueltas sin riesgo a quedarte cort@<\/p>\n<p>Su duraci\u00f3n es la misma est\u00e1ndar de cualquier aud\u00edfono, alrededor de un par de meses (dependiendo del uso y abuso), pero son meses deliciosamente bien dormidos. Tambi\u00e9n son m\u00e1s econ\u00f3micos que el est\u00e1ndar de los aud\u00edfonos para que puedas comprarte repuestos sin culpa y estar siempre tranquil@ de que dormir\u00e1s bien.<\/p>\n","protected":false},"featured_media":3939,"template":"","meta":{"om_disable_all_campaigns":false,"_monsterinsights_skip_tracking":false,"_monsterinsights_sitenote_active":false,"_monsterinsights_sitenote_note":"","_monsterinsights_sitenote_category":0,"site-sidebar-layout":"default","site-content-layout":"default","ast-global-header-display":"","ast-main-header-display":"","ast-hfb-above-header-display":"","ast-hfb-below-header-display":"","ast-hfb-mobile-header-display":"","site-post-title":"","ast-breadcrumbs-content":"","ast-featured-img":"","footer-sml-layout":"","theme-transparent-header-meta":"default","adv-header-id-meta":"","stick-header-meta":"","header-above-stick-meta":"","header-main-stick-meta":"","header-below-stick-meta":""},"product_brand":[],"product_cat":[52,69],"product_tag":[91,36,35],"class_list":{"0":"post-3938","1":"product","2":"type-product","3":"status-publish","4":"has-post-thumbnail","6":"product_cat-audifonos","7":"product_cat-proteccion-auditiva","8":"product_tag-audifonos","9":"product_tag-dormir","10":"product_tag-estilo-de-vida","11":"desktop-align-left","12":"tablet-align-left","13":"mobile-align-left","15":"first","16":"instock","17":"shipping-taxable","18":"purchasable","19":"product-type-simple"},"aioseo_notices":[],"jetpack_sharing_enabled":true,"_links":{"self":[{"href":"https:\/\/neurodivershop.com\/index.php\/wp-json\/wp\/v2\/product\/3938","targetHints":{"allow":["GET"]}}],"collection":[{"href":"https:\/\/neurodivershop.com\/index.php\/wp-json\/wp\/v2\/product"}],"about":[{"href":"https:\/\/neurodivershop.com\/index.php\/wp-json\/wp\/v2\/types\/product"}],"wp:featuredmedia":[{"embeddable":true,"href":"https:\/\/neurodivershop.com\/index.php\/wp-json\/wp\/v2\/media\/3939"}],"wp:attachment":[{"href":"https:\/\/neurodivershop.com\/index.php\/wp-json\/wp\/v2\/media?parent=3938"}],"wp:term":[{"taxonomy":"product_brand","embeddable":true,"href":"https:\/\/neurodivershop.com\/index.php\/wp-json\/wp\/v2\/product_brand?post=3938"},{"taxonomy":"product_cat","embeddable":true,"href":"https:\/\/neurodivershop.com\/index.php\/wp-json\/wp\/v2\/product_cat?post=3938"},{"taxonomy":"product_tag","embeddable":true,"href":"https:\/\/neurodivershop.com\/index.php\/wp-json\/wp\/v2\/product_tag?post=3938"}],"curies":[{"name":"wp","href":"https:\/\/api.w.org\/{rel}","templated":true}]}}