{"id":3935,"date":"2025-02-28T20:40:28","date_gmt":"2025-02-28T20:40:28","guid":{"rendered":"https:\/\/neurodivershop.com\/?post_type=product&#038;p=3935"},"modified":"2025-05-07T15:53:21","modified_gmt":"2025-05-07T15:53:21","slug":"mordedor-de-lapiz","status":"publish","type":"product","link":"https:\/\/neurodivershop.com\/index.php\/product\/mordedor-de-lapiz\/","title":{"rendered":"Mordedor de l\u00e1piz"},"content":{"rendered":"<p>Para los que tienen todos los l\u00e1pices destruidos por morderlos y quieren cuidar sus dientes (y sus l\u00e1pices!), o para aquellos que necesitan un mordedor m\u00e1s discreto para clases o trabajo, el mordedor de l\u00e1piz lleg\u00f3 para quedarse. Tiene varias texturas, que ayudan a fidgetear, y adem\u00e1s est\u00e1n hechos de silicona de grado alimenticio, por lo que son seguros para morder (siempre se deben lavar antes de usar). Son de dureza alta as\u00ed que aguantar\u00e1n m\u00e1s que otros mordedores, y se adaptan al tama\u00f1o de la mayor\u00eda de l\u00e1pices est\u00e1ndar.<\/p>\n","protected":false},"excerpt":{"rendered":"<p>Para los que tienen todos los l\u00e1pices destruidos por morderlos y quieren cuidar sus dientes (y sus l\u00e1pices!), o para aquellos que necesitan un mordedor m\u00e1s discreto para clases o trabajo, el mordedor de l\u00e1piz lleg\u00f3 para quedarse. Tiene varias texturas, que ayudan a fidgetear, y adem\u00e1s est\u00e1n hechos de silicona de grado alimenticio, por lo que son seguros para morder (siempre se deben lavar antes de usar). Son de dureza alta as\u00ed que aguantar\u00e1n m\u00e1s que otros mordedores, y se adaptan al tama\u00f1o de la mayor\u00eda de l\u00e1pices est\u00e1ndar.<\/p>\n","protected":false},"featured_media":3912,"template":"","meta":{"om_disable_all_campaigns":false,"_monsterinsights_skip_tracking":false,"_monsterinsights_sitenote_active":false,"_monsterinsights_sitenote_note":"","_monsterinsights_sitenote_category":0,"site-sidebar-layout":"default","site-content-layout":"default","ast-global-header-display":"","ast-main-header-display":"","ast-hfb-above-header-display":"","ast-hfb-below-header-display":"","ast-hfb-mobile-header-display":"","site-post-title":"","ast-breadcrumbs-content":"","ast-featured-img":"","footer-sml-layout":"","theme-transparent-header-meta":"default","adv-header-id-meta":"","stick-header-meta":"","header-above-stick-meta":"","header-main-stick-meta":"","header-below-stick-meta":""},"product_brand":[],"product_cat":[42],"product_tag":[43],"class_list":{"0":"post-3935","1":"product","2":"type-product","3":"status-publish","4":"has-post-thumbnail","6":"product_cat-mordedores","7":"product_tag-mordedores","8":"desktop-align-left","9":"tablet-align-left","10":"mobile-align-left","12":"first","13":"instock","14":"shipping-taxable","15":"purchasable","16":"product-type-simple"},"aioseo_notices":[],"jetpack_sharing_enabled":true,"_links":{"self":[{"href":"https:\/\/neurodivershop.com\/index.php\/wp-json\/wp\/v2\/product\/3935","targetHints":{"allow":["GET"]}}],"collection":[{"href":"https:\/\/neurodivershop.com\/index.php\/wp-json\/wp\/v2\/product"}],"about":[{"href":"https:\/\/neurodivershop.com\/index.php\/wp-json\/wp\/v2\/types\/product"}],"wp:featuredmedia":[{"embeddable":true,"href":"https:\/\/neurodivershop.com\/index.php\/wp-json\/wp\/v2\/media\/3912"}],"wp:attachment":[{"href":"https:\/\/neurodivershop.com\/index.php\/wp-json\/wp\/v2\/media?parent=3935"}],"wp:term":[{"taxonomy":"product_brand","embeddable":true,"href":"https:\/\/neurodivershop.com\/index.php\/wp-json\/wp\/v2\/product_brand?post=3935"},{"taxonomy":"product_cat","embeddable":true,"href":"https:\/\/neurodivershop.com\/index.php\/wp-json\/wp\/v2\/product_cat?post=3935"},{"taxonomy":"product_tag","embeddable":true,"href":"https:\/\/neurodivershop.com\/index.php\/wp-json\/wp\/v2\/product_tag?post=3935"}],"curies":[{"name":"wp","href":"https:\/\/api.w.org\/{rel}","templated":true}]}}