{"id":3914,"date":"2025-03-31T23:21:26","date_gmt":"2025-03-31T23:21:26","guid":{"rendered":"https:\/\/neurodivershop.com\/?post_type=product&#038;p=3914"},"modified":"2026-05-12T19:29:55","modified_gmt":"2026-05-12T19:29:55","slug":"collar-de-la-neurodiversidad","status":"publish","type":"product","link":"https:\/\/neurodivershop.com\/index.php\/product\/collar-de-la-neurodiversidad\/","title":{"rendered":"Collar de la neurodiversidad"},"content":{"rendered":"<p>El s\u00edmbolo de la neurodiversidad no solo es representativo e importante para nuestra comunidad sino que adem\u00e1s \u00a1es hermoso! As\u00ed que ll\u00e9valo contigo como accesorio y dile al mundo que, adem\u00e1s de mucho estilo, tienes orgullo de ser tal y como eres.<\/p>\n","protected":false},"excerpt":{"rendered":"<p>El s\u00edmbolo de la neurodiversidad no solo es representativo e importante para nuestra comunidad sino que adem\u00e1s \u00a1es hermoso! As\u00ed que ll\u00e9valo contigo como accesorio y dile al mundo que, adem\u00e1s de mucho estilo, tienes orgullo de ser tal y como eres.<\/p>\n","protected":false},"featured_media":3981,"template":"","meta":{"om_disable_all_campaigns":false,"_monsterinsights_skip_tracking":false,"_monsterinsights_sitenote_active":false,"_monsterinsights_sitenote_note":"","_monsterinsights_sitenote_category":0,"site-sidebar-layout":"default","site-content-layout":"default","ast-global-header-display":"","ast-main-header-display":"","ast-hfb-above-header-display":"","ast-hfb-below-header-display":"","ast-hfb-mobile-header-display":"","site-post-title":"","ast-breadcrumbs-content":"","ast-featured-img":"","footer-sml-layout":"","theme-transparent-header-meta":"default","adv-header-id-meta":"","stick-header-meta":"","header-above-stick-meta":"","header-main-stick-meta":"","header-below-stick-meta":""},"product_brand":[],"product_cat":[37],"product_tag":[38],"class_list":{"0":"post-3914","1":"product","2":"type-product","3":"status-publish","4":"has-post-thumbnail","6":"product_cat-accesorio","7":"product_tag-accesorio","8":"desktop-align-left","9":"tablet-align-left","10":"mobile-align-left","12":"first","13":"instock","14":"shipping-taxable","15":"purchasable","16":"product-type-simple"},"aioseo_notices":[],"jetpack_sharing_enabled":true,"_links":{"self":[{"href":"https:\/\/neurodivershop.com\/index.php\/wp-json\/wp\/v2\/product\/3914","targetHints":{"allow":["GET"]}}],"collection":[{"href":"https:\/\/neurodivershop.com\/index.php\/wp-json\/wp\/v2\/product"}],"about":[{"href":"https:\/\/neurodivershop.com\/index.php\/wp-json\/wp\/v2\/types\/product"}],"wp:featuredmedia":[{"embeddable":true,"href":"https:\/\/neurodivershop.com\/index.php\/wp-json\/wp\/v2\/media\/3981"}],"wp:attachment":[{"href":"https:\/\/neurodivershop.com\/index.php\/wp-json\/wp\/v2\/media?parent=3914"}],"wp:term":[{"taxonomy":"product_brand","embeddable":true,"href":"https:\/\/neurodivershop.com\/index.php\/wp-json\/wp\/v2\/product_brand?post=3914"},{"taxonomy":"product_cat","embeddable":true,"href":"https:\/\/neurodivershop.com\/index.php\/wp-json\/wp\/v2\/product_cat?post=3914"},{"taxonomy":"product_tag","embeddable":true,"href":"https:\/\/neurodivershop.com\/index.php\/wp-json\/wp\/v2\/product_tag?post=3914"}],"curies":[{"name":"wp","href":"https:\/\/api.w.org\/{rel}","templated":true}]}}