{"id":3909,"date":"2025-06-08T15:21:08","date_gmt":"2025-06-08T15:21:08","guid":{"rendered":"https:\/\/neurodivershop.com\/?post_type=product&#038;p=3909"},"modified":"2025-10-11T17:03:51","modified_gmt":"2025-10-11T17:03:51","slug":"mordedor-noa","status":"publish","type":"product","link":"https:\/\/neurodivershop.com\/index.php\/product\/mordedor-noa\/","title":{"rendered":"Mordedor Noa"},"content":{"rendered":"<p>Este mordedor es el m\u00e1s discreto y elegante de la tienda. Funciona como collar, est\u00e1 hecho de silicona de grado alimenticio y te permite liberar estr\u00e9s a la vez que tiene mucho estilo. \u00a1Ll\u00e9valo contigo a todos lados! De un lado tiene un dise\u00f1o de franjas rectas y del otro puntos en relieve, para que adem\u00e1s de morder te sirva como fidget toy.<\/p>\n","protected":false},"excerpt":{"rendered":"<p>Este mordedor es el m\u00e1s discreto y elegante de la tienda. Funciona como collar, est\u00e1 hecho de silicona de grado alimenticio y te permite liberar estr\u00e9s a la vez que tiene mucho estilo. \u00a1Ll\u00e9valo contigo a todos lados! De un lado tiene un dise\u00f1o de franjas rectas y del otro puntos en relieve, para que adem\u00e1s de morder te sirva como fidget toy.<\/p>\n","protected":false},"featured_media":3930,"template":"","meta":{"om_disable_all_campaigns":false,"_monsterinsights_skip_tracking":false,"_monsterinsights_sitenote_active":false,"_monsterinsights_sitenote_note":"","_monsterinsights_sitenote_category":0,"site-sidebar-layout":"default","site-content-layout":"default","ast-global-header-display":"","ast-main-header-display":"","ast-hfb-above-header-display":"","ast-hfb-below-header-display":"","ast-hfb-mobile-header-display":"","site-post-title":"","ast-breadcrumbs-content":"","ast-featured-img":"","footer-sml-layout":"","theme-transparent-header-meta":"default","adv-header-id-meta":"","stick-header-meta":"","header-above-stick-meta":"","header-main-stick-meta":"","header-below-stick-meta":""},"product_brand":[],"product_cat":[42],"product_tag":[43],"class_list":{"0":"post-3909","1":"product","2":"type-product","3":"status-publish","4":"has-post-thumbnail","6":"product_cat-mordedores","7":"product_tag-mordedores","8":"desktop-align-left","9":"tablet-align-left","10":"mobile-align-left","12":"first","13":"instock","14":"shipping-taxable","15":"purchasable","16":"product-type-variable"},"aioseo_notices":[],"jetpack_sharing_enabled":true,"_links":{"self":[{"href":"https:\/\/neurodivershop.com\/index.php\/wp-json\/wp\/v2\/product\/3909","targetHints":{"allow":["GET"]}}],"collection":[{"href":"https:\/\/neurodivershop.com\/index.php\/wp-json\/wp\/v2\/product"}],"about":[{"href":"https:\/\/neurodivershop.com\/index.php\/wp-json\/wp\/v2\/types\/product"}],"wp:featuredmedia":[{"embeddable":true,"href":"https:\/\/neurodivershop.com\/index.php\/wp-json\/wp\/v2\/media\/3930"}],"wp:attachment":[{"href":"https:\/\/neurodivershop.com\/index.php\/wp-json\/wp\/v2\/media?parent=3909"}],"wp:term":[{"taxonomy":"product_brand","embeddable":true,"href":"https:\/\/neurodivershop.com\/index.php\/wp-json\/wp\/v2\/product_brand?post=3909"},{"taxonomy":"product_cat","embeddable":true,"href":"https:\/\/neurodivershop.com\/index.php\/wp-json\/wp\/v2\/product_cat?post=3909"},{"taxonomy":"product_tag","embeddable":true,"href":"https:\/\/neurodivershop.com\/index.php\/wp-json\/wp\/v2\/product_tag?post=3909"}],"curies":[{"name":"wp","href":"https:\/\/api.w.org\/{rel}","templated":true}]}}