{"id":3844,"date":"2024-11-30T20:39:12","date_gmt":"2024-11-30T20:39:12","guid":{"rendered":"https:\/\/neurodivershop.com\/?post_type=product&#038;p=3844"},"modified":"2025-11-15T12:42:14","modified_gmt":"2025-11-15T12:42:14","slug":"woo-earplugs-llego-tambien-a-neurodivershop","status":"publish","type":"product","link":"https:\/\/neurodivershop.com\/index.php\/product\/woo-earplugs-llego-tambien-a-neurodivershop\/","title":{"rendered":"\u00a1Woo Earplugs lleg\u00f3 tambi\u00e9n a Neurodivershop!"},"content":{"rendered":"<p>\u00a1Tus tapones favoritos y queridos de Woo Earplugs llegaron tambi\u00e9n a Neurodivershop! Ya sea para viajar, dormir, salir, enfocarte o para hipersensibilidad auditiva en general, hay un modelo pensado para ti.<\/p>\n<p>Est\u00e1n hechos de silicona flexible de alta densidad, son lavables y reutilizables. Cada par de tapones viene con su cajita, un case para transportarlo y 4 pares de cabezales en diferentes tama\u00f1os (XS, S, M , L) para lograr el ajuste perfecto.<\/p>\n<p>Estas son las opciones seg\u00fan lo que est\u00e9s buscando:<\/p>\n<p>Experience: reducen el ruido parcialmente. Ideales para disminuir un poco la carga sensorial pero seguir escuchando claramente tu entorno. Reducen hasta 20 dB.<\/p>\n<p>Zen: estos tapones son los de mayor reducci\u00f3n de ruido. Sirven para dormir y estar en lugares muy bulliciosos. No tienen partes r\u00edgidas por lo que son c\u00f3modos incluso para dormir de lado pero el dise\u00f1o hace que no se salgan. Reducen hasta 30 dB.<\/p>\n<p>&nbsp;<\/p>\n<p>&nbsp;<\/p>\n","protected":false},"excerpt":{"rendered":"<p>\u00a1Tus tapones favoritos y queridos de Woo Earplugs llegaron tambi\u00e9n a Neurodivershop! Ya sea para viajar, dormir, salir, enfocarte o para hipersensibilidad auditiva en general, hay un modelo pensado para ti.<\/p>\n<p>Est\u00e1n hechos de silicona flexible de alta densidad, son lavables y reutilizables. Cada par de tapones viene con su cajita, un case para transportarlo y 4 pares de cabezales en diferentes tama\u00f1os (XS, S, M , L) para lograr el ajuste perfecto.<\/p>\n<p>Estas son las opciones seg\u00fan lo que est\u00e9s buscando:<\/p>\n<p>Experience: reducen el ruido parcialmente. Ideales para disminuir un poco la carga sensorial pero seguir escuchando claramente tu entorno. Reducen hasta 20 dB.<\/p>\n<p>Zen: estos tapones son los de mayor reducci\u00f3n de ruido. Sirven para dormir y estar en lugares muy bulliciosos. No tienen partes r\u00edgidas por lo que son c\u00f3modos incluso para dormir de lado pero el dise\u00f1o hace que no se salgan. Reducen hasta 30 dB.<\/p>\n<p>&nbsp;<\/p>\n","protected":false},"featured_media":3856,"template":"","meta":{"om_disable_all_campaigns":false,"_monsterinsights_skip_tracking":false,"_monsterinsights_sitenote_active":false,"_monsterinsights_sitenote_note":"","_monsterinsights_sitenote_category":0,"site-sidebar-layout":"default","site-content-layout":"default","ast-global-header-display":"","ast-main-header-display":"","ast-hfb-above-header-display":"","ast-hfb-below-header-display":"","ast-hfb-mobile-header-display":"","site-post-title":"","ast-breadcrumbs-content":"","ast-featured-img":"","footer-sml-layout":"","theme-transparent-header-meta":"default","adv-header-id-meta":"","stick-header-meta":"","header-above-stick-meta":"","header-main-stick-meta":"","header-below-stick-meta":""},"product_brand":[],"product_cat":[15,69,31],"product_tag":[32],"class_list":{"0":"post-3844","1":"product","2":"type-product","3":"status-publish","4":"has-post-thumbnail","6":"product_cat-uncategorized","7":"product_cat-proteccion-auditiva","8":"product_cat-tapones","9":"product_tag-tapones","10":"desktop-align-left","11":"tablet-align-left","12":"mobile-align-left","14":"first","15":"instock","16":"shipping-taxable","17":"purchasable","18":"product-type-variable"},"aioseo_notices":[],"jetpack_sharing_enabled":true,"_links":{"self":[{"href":"https:\/\/neurodivershop.com\/index.php\/wp-json\/wp\/v2\/product\/3844","targetHints":{"allow":["GET"]}}],"collection":[{"href":"https:\/\/neurodivershop.com\/index.php\/wp-json\/wp\/v2\/product"}],"about":[{"href":"https:\/\/neurodivershop.com\/index.php\/wp-json\/wp\/v2\/types\/product"}],"wp:featuredmedia":[{"embeddable":true,"href":"https:\/\/neurodivershop.com\/index.php\/wp-json\/wp\/v2\/media\/3856"}],"wp:attachment":[{"href":"https:\/\/neurodivershop.com\/index.php\/wp-json\/wp\/v2\/media?parent=3844"}],"wp:term":[{"taxonomy":"product_brand","embeddable":true,"href":"https:\/\/neurodivershop.com\/index.php\/wp-json\/wp\/v2\/product_brand?post=3844"},{"taxonomy":"product_cat","embeddable":true,"href":"https:\/\/neurodivershop.com\/index.php\/wp-json\/wp\/v2\/product_cat?post=3844"},{"taxonomy":"product_tag","embeddable":true,"href":"https:\/\/neurodivershop.com\/index.php\/wp-json\/wp\/v2\/product_tag?post=3844"}],"curies":[{"name":"wp","href":"https:\/\/api.w.org\/{rel}","templated":true}]}}