{"id":3778,"date":"2024-09-29T14:57:42","date_gmt":"2024-09-29T14:57:42","guid":{"rendered":"https:\/\/neurodivershop.com\/?post_type=product&#038;p=3778"},"modified":"2026-04-09T23:47:25","modified_gmt":"2026-04-09T23:47:25","slug":"picky-pad","status":"publish","type":"product","link":"https:\/\/neurodivershop.com\/index.php\/product\/picky-pad\/","title":{"rendered":"Picky pad"},"content":{"rendered":"<p>\u00bfTe cuesta dejar de pellizcarte la piel, halar pelitos o romperte los cueritos de las u\u00f1as? Los Picky Pad\u00a0est\u00e1n aqu\u00ed para ayudarte. Son la soluci\u00f3n perfecta para canalizar esas sensaciones, ofreci\u00e9ndote una alternativa segura y satisfactoria. Cada Picky Pad est\u00e1 dise\u00f1ado para pellizcar una y otra vez hasta que se agoten las cuentas que trae, ayudando as\u00ed a reducir conductas que pueden lastimar la piel.<\/p>\n<p>Hay dos modelos disponibles seg\u00fan tus gustos sensoriales:<\/p>\n<ul>\n<li>Picky Pad Pastel: este modelo es un poco m\u00e1s pegajoso, lo que ofrece una sensaci\u00f3n t\u00e1ctil \u00fanica y agradable. Viene en una variedad de dise\u00f1os suaves y colores pastel, perfectos para aquellos que buscan una experiencia relajante y divertida.<\/li>\n<li>Picky Pad Arco\u00edris: con cuentas de colores vibrantes, este modelo tiene mayor dureza y es menos pegajoso. Su textura firme brinda una resistencia adicional para quienes prefieren un poco m\u00e1s de presi\u00f3n al pellizcar.<\/li>\n<\/ul>\n<p>Ambos modelos est\u00e1n dise\u00f1ados pensando en el autocuidado, permitiendo aliviar la tensi\u00f3n y generar una sensaci\u00f3n satisfactoria que pueda sustituir otro h\u00e1bitos.<\/p>\n","protected":false},"excerpt":{"rendered":"<p>\u00bfTe cuesta dejar de pellizcarte la piel, halar pelitos o romperte los cueritos de las u\u00f1as? Los Picky Pad\u00a0est\u00e1n aqu\u00ed para ayudarte. Son la soluci\u00f3n perfecta para canalizar esas sensaciones, ofreci\u00e9ndote una alternativa segura y satisfactoria. Cada Picky Pad est\u00e1 dise\u00f1ado para pellizcar una y otra vez hasta que se agoten las cuentas que trae, ayudando as\u00ed a reducir conductas que pueden lastimar la piel.<\/p>\n<p>&nbsp;<\/p>\n<p>Hay dos modelos disponibles seg\u00fan tus gustos sensoriales<\/p>\n<ul>\n<li>Picky Pad Pastel: este modelo es un poco m\u00e1s pegajoso, lo que ofrece una sensaci\u00f3n t\u00e1ctil \u00fanica y agradable. Viene en una variedad de dise\u00f1os suaves y colores pastel, perfectos para aquellos que buscan una experiencia relajante y divertida.<\/li>\n<li>Picky Pad Arco\u00edris: con cuentas de colores vibrantes, este modelo tiene mayor dureza y es menos pegajoso. Su textura firme brinda una resistencia adicional para quienes prefieren un poco m\u00e1s de presi\u00f3n al pellizcar.<\/li>\n<\/ul>\n<p>Ambos modelos est\u00e1n dise\u00f1ados pensando en el autocuidado, permitiendo aliviar la tensi\u00f3n y generar una sensaci\u00f3n satisfactoria que pueda sustituir otro h\u00e1bitos.<\/p>\n","protected":false},"featured_media":3782,"template":"","meta":{"om_disable_all_campaigns":false,"_monsterinsights_skip_tracking":false,"_monsterinsights_sitenote_active":false,"_monsterinsights_sitenote_note":"","_monsterinsights_sitenote_category":0,"site-sidebar-layout":"default","site-content-layout":"default","ast-global-header-display":"","ast-main-header-display":"","ast-hfb-above-header-display":"","ast-hfb-below-header-display":"","ast-hfb-mobile-header-display":"","site-post-title":"","ast-breadcrumbs-content":"","ast-featured-img":"","footer-sml-layout":"","theme-transparent-header-meta":"default","adv-header-id-meta":"","stick-header-meta":"","header-above-stick-meta":"","header-main-stick-meta":"","header-below-stick-meta":""},"product_brand":[],"product_cat":[23],"product_tag":[25],"class_list":{"0":"post-3778","1":"product","2":"type-product","3":"status-publish","4":"has-post-thumbnail","6":"product_cat-fidgets","7":"product_tag-fidgets","8":"desktop-align-left","9":"tablet-align-left","10":"mobile-align-left","12":"first","13":"instock","14":"shipping-taxable","15":"purchasable","16":"product-type-variable"},"aioseo_notices":[],"jetpack_sharing_enabled":true,"_links":{"self":[{"href":"https:\/\/neurodivershop.com\/index.php\/wp-json\/wp\/v2\/product\/3778","targetHints":{"allow":["GET"]}}],"collection":[{"href":"https:\/\/neurodivershop.com\/index.php\/wp-json\/wp\/v2\/product"}],"about":[{"href":"https:\/\/neurodivershop.com\/index.php\/wp-json\/wp\/v2\/types\/product"}],"wp:featuredmedia":[{"embeddable":true,"href":"https:\/\/neurodivershop.com\/index.php\/wp-json\/wp\/v2\/media\/3782"}],"wp:attachment":[{"href":"https:\/\/neurodivershop.com\/index.php\/wp-json\/wp\/v2\/media?parent=3778"}],"wp:term":[{"taxonomy":"product_brand","embeddable":true,"href":"https:\/\/neurodivershop.com\/index.php\/wp-json\/wp\/v2\/product_brand?post=3778"},{"taxonomy":"product_cat","embeddable":true,"href":"https:\/\/neurodivershop.com\/index.php\/wp-json\/wp\/v2\/product_cat?post=3778"},{"taxonomy":"product_tag","embeddable":true,"href":"https:\/\/neurodivershop.com\/index.php\/wp-json\/wp\/v2\/product_tag?post=3778"}],"curies":[{"name":"wp","href":"https:\/\/api.w.org\/{rel}","templated":true}]}}