{"id":3733,"date":"2024-08-13T16:38:05","date_gmt":"2024-08-13T16:38:05","guid":{"rendered":"https:\/\/neurodivershop.com\/?post_type=product&#038;p=3733"},"modified":"2025-11-11T12:05:33","modified_gmt":"2025-11-11T12:05:33","slug":"mordedor-de-dragon","status":"publish","type":"product","link":"https:\/\/neurodivershop.com\/index.php\/product\/mordedor-de-dragon\/","title":{"rendered":"Mordedor de drag\u00f3n"},"content":{"rendered":"<p>Si te gusta morder cosas y amas a los dragones, \u00a1este es el producto ideal para ti! Es un mordedor de dureza media en formato de collar, con un espectacular dise\u00f1o de drag\u00f3n, en tres colores diferentes. En la parte de atr\u00e1s viene con una textura para hacer stimming y mide aproximadamente 5 x 6 cm. \u00bfQui\u00e9n dijo que los \u00f1o\u00f1os de los dragones no podemos tener un mordedor pensado para nosotros?<\/p>\n","protected":false},"excerpt":{"rendered":"<p>Si te gusta morder cosas y amas a los dragones, \u00a1este es el producto ideal para ti! Es un mordedor de dureza media en formato de collar, con un espectacular dise\u00f1o de drag\u00f3n, en tres colores diferentes. En la parte de atr\u00e1s viene con una textura para hacer stimming y mide aproximadamente 5 x 6 cm. \u00bfQui\u00e9n dijo que los \u00f1o\u00f1os de los dragones no podemos tener un mordedor pensado para nosotros?<\/p>\n","protected":false},"featured_media":3740,"template":"","meta":{"om_disable_all_campaigns":false,"_monsterinsights_skip_tracking":false,"_monsterinsights_sitenote_active":false,"_monsterinsights_sitenote_note":"","_monsterinsights_sitenote_category":0,"site-sidebar-layout":"default","site-content-layout":"default","ast-global-header-display":"","ast-main-header-display":"","ast-hfb-above-header-display":"","ast-hfb-below-header-display":"","ast-hfb-mobile-header-display":"","site-post-title":"","ast-breadcrumbs-content":"","ast-featured-img":"","footer-sml-layout":"","theme-transparent-header-meta":"default","adv-header-id-meta":"","stick-header-meta":"","header-above-stick-meta":"","header-main-stick-meta":"","header-below-stick-meta":""},"product_brand":[],"product_cat":[42],"product_tag":[38,43],"class_list":{"0":"post-3733","1":"product","2":"type-product","3":"status-publish","4":"has-post-thumbnail","6":"product_cat-mordedores","7":"product_tag-accesorio","8":"product_tag-mordedores","9":"desktop-align-left","10":"tablet-align-left","11":"mobile-align-left","13":"first","14":"instock","15":"shipping-taxable","16":"purchasable","17":"product-type-variable"},"aioseo_notices":[],"jetpack_sharing_enabled":true,"_links":{"self":[{"href":"https:\/\/neurodivershop.com\/index.php\/wp-json\/wp\/v2\/product\/3733","targetHints":{"allow":["GET"]}}],"collection":[{"href":"https:\/\/neurodivershop.com\/index.php\/wp-json\/wp\/v2\/product"}],"about":[{"href":"https:\/\/neurodivershop.com\/index.php\/wp-json\/wp\/v2\/types\/product"}],"wp:featuredmedia":[{"embeddable":true,"href":"https:\/\/neurodivershop.com\/index.php\/wp-json\/wp\/v2\/media\/3740"}],"wp:attachment":[{"href":"https:\/\/neurodivershop.com\/index.php\/wp-json\/wp\/v2\/media?parent=3733"}],"wp:term":[{"taxonomy":"product_brand","embeddable":true,"href":"https:\/\/neurodivershop.com\/index.php\/wp-json\/wp\/v2\/product_brand?post=3733"},{"taxonomy":"product_cat","embeddable":true,"href":"https:\/\/neurodivershop.com\/index.php\/wp-json\/wp\/v2\/product_cat?post=3733"},{"taxonomy":"product_tag","embeddable":true,"href":"https:\/\/neurodivershop.com\/index.php\/wp-json\/wp\/v2\/product_tag?post=3733"}],"curies":[{"name":"wp","href":"https:\/\/api.w.org\/{rel}","templated":true}]}}