{"id":3719,"date":"2024-08-01T22:46:43","date_gmt":"2024-08-01T22:46:43","guid":{"rendered":"https:\/\/neurodivershop.com\/?post_type=product&#038;p=3719"},"modified":"2025-09-17T00:59:43","modified_gmt":"2025-09-17T00:59:43","slug":"pulsera-cinetica","status":"publish","type":"product","link":"https:\/\/neurodivershop.com\/index.php\/product\/pulsera-cinetica\/","title":{"rendered":"Pulsera cin\u00e9tica"},"content":{"rendered":"<p>Este es el fidget toy m\u00e1s extra\u00f1o de la tienda. Es tornasolado, hermoso y en lo que lo colocas en tu brazo y lo inclinas fluye deliciosamente. Parecen unos pocos aros pero son infinitamente m\u00e1s que eso, para verlo funcionando mira <a href=\"https:\/\/www.instagram.com\/p\/C-JQ2mXu9zP\/\">este video<\/a>.<\/p>\n<p>Los aros miden 13 cent\u00edmetros de di\u00e1metro y hacen un sonido muy suave y agradable cuando est\u00e1n en movimiento.<\/p>\n<p>Es definitivamente ideal para ti y tambi\u00e9n para regalar algo \u00fanico.<\/p>\n","protected":false},"excerpt":{"rendered":"<p>Este es el fidget toy m\u00e1s extra\u00f1o de la tienda. Es tornasolado, hermoso y en lo que lo colocas en tu brazo y lo inclinas fluye deliciosamente. Parecen unos pocos aros pero son infinitamente m\u00e1s que eso, para verlo funcionando mira <a href=\"https:\/\/www.instagram.com\/p\/C-JQ2mXu9zP\/\">este video<\/a>.<\/p>\n<p>Los aros miden 13 cent\u00edmetros de di\u00e1metro y hacen un sonido muy suave y agradable cuando est\u00e1n en movimiento.<\/p>\n<p>Es definitivamente ideal para ti y tambi\u00e9n para regalar algo \u00fanico.<\/p>\n","protected":false},"featured_media":3720,"template":"","meta":{"om_disable_all_campaigns":false,"_monsterinsights_skip_tracking":false,"_monsterinsights_sitenote_active":false,"_monsterinsights_sitenote_note":"","_monsterinsights_sitenote_category":0,"site-sidebar-layout":"default","site-content-layout":"default","ast-global-header-display":"","ast-main-header-display":"","ast-hfb-above-header-display":"","ast-hfb-below-header-display":"","ast-hfb-mobile-header-display":"","site-post-title":"","ast-breadcrumbs-content":"","ast-featured-img":"","footer-sml-layout":"","theme-transparent-header-meta":"default","adv-header-id-meta":"","stick-header-meta":"","header-above-stick-meta":"","header-main-stick-meta":"","header-below-stick-meta":""},"product_brand":[],"product_cat":[23],"product_tag":[25],"class_list":{"0":"post-3719","1":"product","2":"type-product","3":"status-publish","4":"has-post-thumbnail","6":"product_cat-fidgets","7":"product_tag-fidgets","8":"desktop-align-left","9":"tablet-align-left","10":"mobile-align-left","12":"first","13":"instock","14":"shipping-taxable","15":"purchasable","16":"product-type-simple"},"aioseo_notices":[],"jetpack_sharing_enabled":true,"_links":{"self":[{"href":"https:\/\/neurodivershop.com\/index.php\/wp-json\/wp\/v2\/product\/3719","targetHints":{"allow":["GET"]}}],"collection":[{"href":"https:\/\/neurodivershop.com\/index.php\/wp-json\/wp\/v2\/product"}],"about":[{"href":"https:\/\/neurodivershop.com\/index.php\/wp-json\/wp\/v2\/types\/product"}],"wp:featuredmedia":[{"embeddable":true,"href":"https:\/\/neurodivershop.com\/index.php\/wp-json\/wp\/v2\/media\/3720"}],"wp:attachment":[{"href":"https:\/\/neurodivershop.com\/index.php\/wp-json\/wp\/v2\/media?parent=3719"}],"wp:term":[{"taxonomy":"product_brand","embeddable":true,"href":"https:\/\/neurodivershop.com\/index.php\/wp-json\/wp\/v2\/product_brand?post=3719"},{"taxonomy":"product_cat","embeddable":true,"href":"https:\/\/neurodivershop.com\/index.php\/wp-json\/wp\/v2\/product_cat?post=3719"},{"taxonomy":"product_tag","embeddable":true,"href":"https:\/\/neurodivershop.com\/index.php\/wp-json\/wp\/v2\/product_tag?post=3719"}],"curies":[{"name":"wp","href":"https:\/\/api.w.org\/{rel}","templated":true}]}}