{"id":3697,"date":"2024-07-11T22:30:06","date_gmt":"2024-07-11T22:30:06","guid":{"rendered":"https:\/\/neurodivershop.com\/?post_type=product&#038;p=3697"},"modified":"2025-11-17T19:48:33","modified_gmt":"2025-11-17T19:48:33","slug":"pin-llegue-tarde-porque-no-queria-venir","status":"publish","type":"product","link":"https:\/\/neurodivershop.com\/index.php\/product\/pin-llegue-tarde-porque-no-queria-venir\/","title":{"rendered":"Pin Llegu\u00e9 tarde porque no quer\u00eda venir"},"content":{"rendered":"<p>A veces los pines hablan por nosotros mucho mejor de lo que nosotros mismos podemos hacerlo a veces, por eso este es perfecto para transmitir este sentir (o tambi\u00e9n se vale solo por el chiste), y sirve para tu mochila, ropa o la tela que quieras. Est\u00e1 esmaltado y mide aproximadamente 2 cent\u00edmetros y medio. Y \u00bfc\u00f3mo no amarlo? Si adem\u00e1s es un gatito.<\/p>\n","protected":false},"excerpt":{"rendered":"<p>A veces los pines hablan por nosotros mucho mejor de lo que nosotros mismos podemos hacerlo a veces, por eso este es perfecto para transmitir este sentir (o tambi\u00e9n se vale solo por el chiste), y sirve para tu mochila, ropa o la tela que quieras. Est\u00e1 esmaltado y mide aproximadamente 2 cent\u00edmetros y medio. Y \u00bfc\u00f3mo no amarlo? Si adem\u00e1s es un gatito.<\/p>\n","protected":false},"featured_media":3701,"template":"","meta":{"om_disable_all_campaigns":false,"_monsterinsights_skip_tracking":false,"_monsterinsights_sitenote_active":false,"_monsterinsights_sitenote_note":"","_monsterinsights_sitenote_category":0,"site-sidebar-layout":"default","site-content-layout":"default","ast-global-header-display":"","ast-main-header-display":"","ast-hfb-above-header-display":"","ast-hfb-below-header-display":"","ast-hfb-mobile-header-display":"","site-post-title":"","ast-breadcrumbs-content":"","ast-featured-img":"","footer-sml-layout":"","theme-transparent-header-meta":"default","adv-header-id-meta":"","stick-header-meta":"","header-above-stick-meta":"","header-main-stick-meta":"","header-below-stick-meta":""},"product_brand":[],"product_cat":[37,40],"product_tag":[38,41],"class_list":{"0":"post-3697","1":"product","2":"type-product","3":"status-publish","4":"has-post-thumbnail","6":"product_cat-accesorio","7":"product_cat-pines","8":"product_tag-accesorio","9":"product_tag-pines","10":"desktop-align-left","11":"tablet-align-left","12":"mobile-align-left","14":"first","15":"instock","16":"shipping-taxable","17":"purchasable","18":"product-type-simple"},"aioseo_notices":[],"jetpack_sharing_enabled":true,"_links":{"self":[{"href":"https:\/\/neurodivershop.com\/index.php\/wp-json\/wp\/v2\/product\/3697","targetHints":{"allow":["GET"]}}],"collection":[{"href":"https:\/\/neurodivershop.com\/index.php\/wp-json\/wp\/v2\/product"}],"about":[{"href":"https:\/\/neurodivershop.com\/index.php\/wp-json\/wp\/v2\/types\/product"}],"wp:featuredmedia":[{"embeddable":true,"href":"https:\/\/neurodivershop.com\/index.php\/wp-json\/wp\/v2\/media\/3701"}],"wp:attachment":[{"href":"https:\/\/neurodivershop.com\/index.php\/wp-json\/wp\/v2\/media?parent=3697"}],"wp:term":[{"taxonomy":"product_brand","embeddable":true,"href":"https:\/\/neurodivershop.com\/index.php\/wp-json\/wp\/v2\/product_brand?post=3697"},{"taxonomy":"product_cat","embeddable":true,"href":"https:\/\/neurodivershop.com\/index.php\/wp-json\/wp\/v2\/product_cat?post=3697"},{"taxonomy":"product_tag","embeddable":true,"href":"https:\/\/neurodivershop.com\/index.php\/wp-json\/wp\/v2\/product_tag?post=3697"}],"curies":[{"name":"wp","href":"https:\/\/api.w.org\/{rel}","templated":true}]}}