{"id":3671,"date":"2024-06-26T01:02:08","date_gmt":"2024-06-26T01:02:08","guid":{"rendered":"https:\/\/neurodivershop.com\/?post_type=product&#038;p=3671"},"modified":"2025-11-26T23:03:41","modified_gmt":"2025-11-26T23:03:41","slug":"pulsera-memosnap-para-la-funcion-ejecutiva","status":"publish","type":"product","link":"https:\/\/neurodivershop.com\/index.php\/product\/pulsera-memosnap-para-la-funcion-ejecutiva\/","title":{"rendered":"Pulsera MemoSnap para la funci\u00f3n ejecutiva"},"content":{"rendered":"<p>Tomamos las cl\u00e1sicas pulseras snap \u00a1y las llevamos a otro nivel! Esta est\u00e1 recubierta de una silicona especial que, adem\u00e1s de ser muy suave y agradable al tacto, permite escribir, con cualquier bol\u00edgrafo o l\u00e1piz tinta que sea de aceite (es decir, el m\u00e1s cl\u00e1sico) y despu\u00e9s borrar con una goma normal de grafito. Es genial porque puedes llevar tus recordatorios y anotaciones siempre a la mano, o dejarle recordatorios a otra persona de una manera amistosa y efectiva, y despu\u00e9s borrar para volver a comenzar.<\/p>\n<p>La posibilidad de borrar permite que puedas llevar tus listas e ir tachando, pastillas e ir marcando cuando las tomas y una infinidad de usos que solo se limitan por la imaginaci\u00f3n. El espacio, adem\u00e1s, es bastante amplio y del otro lado tiene una regla, para que puedas usar una donde sea que la necesites.<\/p>\n<p>\u00bfTienes dificultades para recordar cosas, llevar registros o simplemente quieres una ayuda extra con la funci\u00f3n ejecutiva? Entonces necesitas la MemoSnap.<\/p>\n","protected":false},"excerpt":{"rendered":"<p>Tomamos las cl\u00e1sicas pulseras snap \u00a1y las llevamos a otro nivel! Esta est\u00e1 recubierta de una silicona especial que, adem\u00e1s de ser muy suave y agradable al tacto, permite escribir, con cualquier bol\u00edgrafo o l\u00e1piz tinta que sea de aceite (es decir, el m\u00e1s cl\u00e1sico) y despu\u00e9s borrar con una goma normal de grafito. Es genial porque puedes llevar tus recordatorios y anotaciones siempre a la mano, o dejarle recordatorios a otra persona de una manera amistosa y efectiva, y despu\u00e9s borrar para volver a comenzar.<\/p>\n<p>La posibilidad de borrar permite que puedas llevar tus listas e ir tachando, pastillas e ir marcando cuando las tomas y una infinidad de usos que solo se limitan por la imaginaci\u00f3n. El espacio, adem\u00e1s, es bastante amplio y del otro lado tiene una regla, para que puedas usar una donde sea que la necesites.<\/p>\n<p>\u00bfTienes dificultades para recordar cosas, llevar registros o simplemente quieres una ayuda extra con la funci\u00f3n ejecutiva? Entonces necesitas la MemoSnap.<\/p>\n","protected":false},"featured_media":3672,"template":"","meta":{"om_disable_all_campaigns":false,"_monsterinsights_skip_tracking":false,"_monsterinsights_sitenote_active":false,"_monsterinsights_sitenote_note":"","_monsterinsights_sitenote_category":0,"site-sidebar-layout":"default","site-content-layout":"default","ast-global-header-display":"","ast-main-header-display":"","ast-hfb-above-header-display":"","ast-hfb-below-header-display":"","ast-hfb-mobile-header-display":"","site-post-title":"","ast-breadcrumbs-content":"","ast-featured-img":"","footer-sml-layout":"","theme-transparent-header-meta":"default","adv-header-id-meta":"","stick-header-meta":"","header-above-stick-meta":"","header-main-stick-meta":"","header-below-stick-meta":""},"product_brand":[],"product_cat":[37,54],"product_tag":[38,35,55],"class_list":{"0":"post-3671","1":"product","2":"type-product","3":"status-publish","4":"has-post-thumbnail","6":"product_cat-accesorio","7":"product_cat-organizacion","8":"product_tag-accesorio","9":"product_tag-estilo-de-vida","10":"product_tag-organizacion","11":"desktop-align-left","12":"tablet-align-left","13":"mobile-align-left","15":"first","16":"instock","17":"shipping-taxable","18":"purchasable","19":"product-type-simple"},"aioseo_notices":[],"jetpack_sharing_enabled":true,"_links":{"self":[{"href":"https:\/\/neurodivershop.com\/index.php\/wp-json\/wp\/v2\/product\/3671","targetHints":{"allow":["GET"]}}],"collection":[{"href":"https:\/\/neurodivershop.com\/index.php\/wp-json\/wp\/v2\/product"}],"about":[{"href":"https:\/\/neurodivershop.com\/index.php\/wp-json\/wp\/v2\/types\/product"}],"wp:featuredmedia":[{"embeddable":true,"href":"https:\/\/neurodivershop.com\/index.php\/wp-json\/wp\/v2\/media\/3672"}],"wp:attachment":[{"href":"https:\/\/neurodivershop.com\/index.php\/wp-json\/wp\/v2\/media?parent=3671"}],"wp:term":[{"taxonomy":"product_brand","embeddable":true,"href":"https:\/\/neurodivershop.com\/index.php\/wp-json\/wp\/v2\/product_brand?post=3671"},{"taxonomy":"product_cat","embeddable":true,"href":"https:\/\/neurodivershop.com\/index.php\/wp-json\/wp\/v2\/product_cat?post=3671"},{"taxonomy":"product_tag","embeddable":true,"href":"https:\/\/neurodivershop.com\/index.php\/wp-json\/wp\/v2\/product_tag?post=3671"}],"curies":[{"name":"wp","href":"https:\/\/api.w.org\/{rel}","templated":true}]}}