{"id":3566,"date":"2024-05-03T23:12:31","date_gmt":"2024-05-03T23:12:31","guid":{"rendered":"https:\/\/neurodivershop.com\/?post_type=product&#038;p=3566"},"modified":"2025-12-19T18:45:26","modified_gmt":"2025-12-19T18:45:26","slug":"lentes-de-sol-polarizados-para-fotosensibilidad","status":"publish","type":"product","link":"https:\/\/neurodivershop.com\/index.php\/product\/lentes-de-sol-polarizados-para-fotosensibilidad\/","title":{"rendered":"Lentes de sol polarizados para fotosensibilidad"},"content":{"rendered":"<p>\u00bfTe pasa que sales de tu casa y sientes que la luz del sol te ataca? Entonces pensando en personas como t\u00fa (y yo, tambi\u00e9n) traigo este producto, que es una verdadera delicia.<\/p>\n<p>Es el primer producto para hipersensibilidad visual de Neurodivershop: los Lentes Oscuros Polarizados. Estos lentes son perfectos para aquellos que buscan protecci\u00f3n y comodidad en cualquier situaci\u00f3n.<\/p>\n<p>Con un dise\u00f1o neutro y adaptable, estos lentes son ideales para toda ocasi\u00f3n. La tecnolog\u00eda polarizada garantiza una protecci\u00f3n \u00f3ptima contra el resplandor y los reflejos, lo que los convierte en una opci\u00f3n excelente para aquellos sensibles a la luz.<\/p>\n<p>Fabricados en pl\u00e1stico resistente, estos lentes son duraderos y est\u00e1n dise\u00f1ados para adaptarse c\u00f3modamente a diferentes tama\u00f1os de cabeza. Adem\u00e1s, su dise\u00f1o sella eficazmente la luz por todos lados, proporcionando una protecci\u00f3n adicional para aquellos con sensibilidad a la luz.<\/p>\n<p>&nbsp;<\/p>\n<p>&nbsp;<\/p>\n","protected":false},"excerpt":{"rendered":"<p>\u00bfTe pasa que sales de tu casa y sientes que la luz del sol te ataca? Entonces pensando en personas como t\u00fa (y yo, tambi\u00e9n) traigo este producto, que es una verdadera delicia.<\/p>\n<p>Es el primer producto para hipersensibilidad visual de Neurodivershop: los Lentes Oscuros Polarizados. Estos lentes son perfectos para aquellos que buscan protecci\u00f3n y comodidad en cualquier situaci\u00f3n.<\/p>\n<p>Con un dise\u00f1o neutro y adaptable, estos lentes son ideales para toda ocasi\u00f3n. La tecnolog\u00eda polarizada garantiza una protecci\u00f3n \u00f3ptima contra el resplandor y los reflejos, lo que los convierte en una opci\u00f3n excelente para aquellos sensibles a la luz.<\/p>\n<p>Fabricados en pl\u00e1stico resistente, estos lentes son duraderos y est\u00e1n dise\u00f1ados para adaptarse c\u00f3modamente a diferentes tama\u00f1os de cabeza. Adem\u00e1s, su dise\u00f1o sella eficazmente la luz por todos lados, proporcionando una protecci\u00f3n adicional para aquellos con sensibilidad a la luz.<\/p>\n<p>&nbsp;<\/p>\n<p>&nbsp;<\/p>\n","protected":false},"featured_media":3576,"template":"","meta":{"om_disable_all_campaigns":false,"_monsterinsights_skip_tracking":false,"_monsterinsights_sitenote_active":false,"_monsterinsights_sitenote_note":"","_monsterinsights_sitenote_category":0,"site-sidebar-layout":"default","site-content-layout":"default","ast-global-header-display":"","ast-main-header-display":"","ast-hfb-above-header-display":"","ast-hfb-below-header-display":"","ast-hfb-mobile-header-display":"","site-post-title":"","ast-breadcrumbs-content":"","ast-featured-img":"","footer-sml-layout":"","theme-transparent-header-meta":"default","adv-header-id-meta":"","stick-header-meta":"","header-above-stick-meta":"","header-main-stick-meta":"","header-below-stick-meta":""},"product_brand":[],"product_cat":[71],"product_tag":[38,89,90,88],"class_list":{"0":"post-3566","1":"product","2":"type-product","3":"status-publish","4":"has-post-thumbnail","6":"product_cat-proteccion-visual","7":"product_tag-accesorio","8":"product_tag-fotosensibilidad","9":"product_tag-hipersensibilidad-visual","10":"product_tag-lentes-oscuros","11":"desktop-align-left","12":"tablet-align-left","13":"mobile-align-left","15":"first","16":"instock","17":"shipping-taxable","18":"purchasable","19":"product-type-simple"},"aioseo_notices":[],"jetpack_sharing_enabled":true,"_links":{"self":[{"href":"https:\/\/neurodivershop.com\/index.php\/wp-json\/wp\/v2\/product\/3566","targetHints":{"allow":["GET"]}}],"collection":[{"href":"https:\/\/neurodivershop.com\/index.php\/wp-json\/wp\/v2\/product"}],"about":[{"href":"https:\/\/neurodivershop.com\/index.php\/wp-json\/wp\/v2\/types\/product"}],"wp:featuredmedia":[{"embeddable":true,"href":"https:\/\/neurodivershop.com\/index.php\/wp-json\/wp\/v2\/media\/3576"}],"wp:attachment":[{"href":"https:\/\/neurodivershop.com\/index.php\/wp-json\/wp\/v2\/media?parent=3566"}],"wp:term":[{"taxonomy":"product_brand","embeddable":true,"href":"https:\/\/neurodivershop.com\/index.php\/wp-json\/wp\/v2\/product_brand?post=3566"},{"taxonomy":"product_cat","embeddable":true,"href":"https:\/\/neurodivershop.com\/index.php\/wp-json\/wp\/v2\/product_cat?post=3566"},{"taxonomy":"product_tag","embeddable":true,"href":"https:\/\/neurodivershop.com\/index.php\/wp-json\/wp\/v2\/product_tag?post=3566"}],"curies":[{"name":"wp","href":"https:\/\/api.w.org\/{rel}","templated":true}]}}