{"id":3473,"date":"2024-03-31T17:41:56","date_gmt":"2024-03-31T17:41:56","guid":{"rendered":"https:\/\/neurodivershop.com\/?post_type=product&#038;p=3473"},"modified":"2024-11-21T00:40:55","modified_gmt":"2024-11-21T00:40:55","slug":"stickers-sensoriales","status":"publish","type":"product","link":"https:\/\/neurodivershop.com\/index.php\/product\/stickers-sensoriales\/","title":{"rendered":"Stickers sensoriales"},"content":{"rendered":"<p>En esta tienda puedes encontrar fidgets de muchos tipos y para muchas ocasiones diferentes, pero algo que faltaba era un fidget modular, algo que pudieras adaptar a (casi) cualquier objeto que tuvieras y convertirlo as\u00ed en un fidget toy en s\u00ed mismo. Con esto en mente llegaron los stickers sensoriales, que son stickers con textura y en 6 maravillosos dise\u00f1os para que puedas llevarlos contigo donde sea: cuadernos, celulares, aud\u00edfonos, cartera y dem\u00e1s, y que nunca te falte algo con lo que hacer stimming.<\/p>\n<p>El paquete trae los 6 dise\u00f1os para que puedas adaptarlos a tus necesidades y te sirvan en muchas plataformas distintas.<\/p>\n","protected":false},"excerpt":{"rendered":"<p>En esta tienda puedes encontrar fidgets de muchos tipos y para muchas ocasiones diferentes, pero algo que faltaba era un fidget modular, algo que pudieras adaptar a (casi) cualquier objeto que tuvieras y convertirlo as\u00ed en un fidget toy en s\u00ed mismo. Con esto en mente llegaron los stickers sensoriales, que son stickers con textura y en 6 maravillosos dise\u00f1os para que puedas llevarlos contigo donde sea: cuadernos, celulares, aud\u00edfonos, cartera y dem\u00e1s, y que nunca te falte algo con lo que hacer stimming.<\/p>\n<p>El paquete trae los 6 dise\u00f1os para que puedas adaptarlos a tus necesidades y te sirvan en muchas plataformas distintas.<\/p>\n","protected":false},"featured_media":3480,"template":"","meta":{"om_disable_all_campaigns":false,"_monsterinsights_skip_tracking":false,"_monsterinsights_sitenote_active":false,"_monsterinsights_sitenote_note":"","_monsterinsights_sitenote_category":0,"site-sidebar-layout":"default","site-content-layout":"default","ast-global-header-display":"","ast-main-header-display":"","ast-hfb-above-header-display":"","ast-hfb-below-header-display":"","ast-hfb-mobile-header-display":"","site-post-title":"","ast-breadcrumbs-content":"","ast-featured-img":"","footer-sml-layout":"","theme-transparent-header-meta":"default","adv-header-id-meta":"","stick-header-meta":"","header-above-stick-meta":"","header-main-stick-meta":"","header-below-stick-meta":""},"product_brand":[],"product_cat":[23],"product_tag":[25,87],"class_list":{"0":"post-3473","1":"product","2":"type-product","3":"status-publish","4":"has-post-thumbnail","6":"product_cat-fidgets","7":"product_tag-fidgets","8":"product_tag-stickers","9":"desktop-align-left","10":"tablet-align-left","11":"mobile-align-left","13":"first","14":"instock","15":"shipping-taxable","16":"purchasable","17":"product-type-simple"},"aioseo_notices":[],"jetpack_sharing_enabled":true,"_links":{"self":[{"href":"https:\/\/neurodivershop.com\/index.php\/wp-json\/wp\/v2\/product\/3473","targetHints":{"allow":["GET"]}}],"collection":[{"href":"https:\/\/neurodivershop.com\/index.php\/wp-json\/wp\/v2\/product"}],"about":[{"href":"https:\/\/neurodivershop.com\/index.php\/wp-json\/wp\/v2\/types\/product"}],"wp:featuredmedia":[{"embeddable":true,"href":"https:\/\/neurodivershop.com\/index.php\/wp-json\/wp\/v2\/media\/3480"}],"wp:attachment":[{"href":"https:\/\/neurodivershop.com\/index.php\/wp-json\/wp\/v2\/media?parent=3473"}],"wp:term":[{"taxonomy":"product_brand","embeddable":true,"href":"https:\/\/neurodivershop.com\/index.php\/wp-json\/wp\/v2\/product_brand?post=3473"},{"taxonomy":"product_cat","embeddable":true,"href":"https:\/\/neurodivershop.com\/index.php\/wp-json\/wp\/v2\/product_cat?post=3473"},{"taxonomy":"product_tag","embeddable":true,"href":"https:\/\/neurodivershop.com\/index.php\/wp-json\/wp\/v2\/product_tag?post=3473"}],"curies":[{"name":"wp","href":"https:\/\/api.w.org\/{rel}","templated":true}]}}