{"id":3375,"date":"2024-03-04T23:13:04","date_gmt":"2024-03-04T23:13:04","guid":{"rendered":"https:\/\/neurodivershop.com\/?post_type=product&#038;p=3375"},"modified":"2026-04-16T23:24:48","modified_gmt":"2026-04-16T23:24:48","slug":"llavero-de-pictogramas-para-la-comunicacion-aumentativa-alternativa-caa","status":"publish","type":"product","link":"https:\/\/neurodivershop.com\/index.php\/product\/llavero-de-pictogramas-para-la-comunicacion-aumentativa-alternativa-caa\/","title":{"rendered":"Llavero de pictogramas para la Comunicaci\u00f3n Aumentativa Alternativa (CAA)"},"content":{"rendered":"<p>Estoy emocionada de presentarles el Llavero de Pictogramas para la Comunicaci\u00f3n Aumentativa Alternativa (CAA) \u00a1de gatitos!, una creaci\u00f3n \u00fanica de Neurodivershop con la maravillosa dise\u00f1adora <a href=\"https:\/\/www.instagram.com\/jeju_diseno\/\">Jeju Jure<\/a>.<\/p>\n<p>La Comunicaci\u00f3n Aumentativa Alternativa es una herramienta esencial para apoyar a diversas necesidades comunicacionales de much\u00edsimos neurodivergentes. Este llavero es una forma pr\u00e1ctica y c\u00f3moda de cumplir esa tarea, incluye 10 tarjetas con 13 mensajes, impresas en calidad fotogr\u00e1fica, cada una plastificada en mica tama\u00f1o carnet (5 x 8 cm), y un llavero que se puede colocar en llaves, mochilas, collares, lanyards y dem\u00e1s. Cada tarjeta presenta texto y dibujos dise\u00f1ados para abordar diversas necesidades de comunicaci\u00f3n. Los mensajes son:<\/p>\n<p>Estoy sobrestimulad@<br \/>\nNecesito algo dulce \/ algo salado<br \/>\nNecesito mis fidget toys<br \/>\nNecesito mis aud\u00edfonos<br \/>\nNo me toques por favor \/ Abr\u00e1zame fuerte<br \/>\nNo puedo hablar<br \/>\nNecesito estar sol@<br \/>\nNecesito estar en silencio<br \/>\nNecesito estar en un lugar seguro<br \/>\nS\u00ed \/ no<\/p>\n<p>Ideal para momentos de mutismo situacional, para brindar apoyo a personas no hablantes o simplemente para apoyar la comunicaci\u00f3n en cualquier momento, este llavero de pictogramas ofrece una forma clara, efectiva , adorable y con mucha personalidad de expresar diversas necesidades a lo largo de 13 alternativas.<\/p>\n<p>Con este Llavero de Pictogramas apoya la comunicaci\u00f3n inclusiva con una creaci\u00f3n \u00fanica y valiosa.<\/p>\n<p>Tambi\u00e9n puedes elegir la opci\u00f3n con fidget, que incluye un pop-it, muy suavecito, de color random.<\/p>\n","protected":false},"excerpt":{"rendered":"<p>Estoy emocionada de presentarles el Llavero de Pictogramas para la Comunicaci\u00f3n Aumentativa Alternativa (CAA) \u00a1de gatitos!, una creaci\u00f3n \u00fanica de Neurodivershop con la maravillosa dise\u00f1adora <a href=\"https:\/\/www.instagram.com\/jeju_diseno\/\">Jeju Jure<\/a>.<\/p>\n<p>La Comunicaci\u00f3n Aumentativa Alternativa es una herramienta esencial para apoyar a diversas necesidades comunicacionales de much\u00edsimos neurodivergentes. Este llavero es una forma pr\u00e1ctica y c\u00f3moda de cumplir esa tarea, incluye 10 tarjetas con 13 mensajes, impresas en calidad fotogr\u00e1fica, cada una plastificada en mica tama\u00f1o carnet (5 x 8 cm), y un llavero que se puede colocar en llaves, mochilas, collares, lanyards y dem\u00e1s. Cada tarjeta presenta texto y dibujos dise\u00f1ados para abordar diversas necesidades de comunicaci\u00f3n. Los mensajes son:<\/p>\n<p>Estoy sobrestimulad@<br \/>\nNecesito algo dulce \/ algo salado<br \/>\nNecesito mis fidget toys<br \/>\nNecesito mis aud\u00edfonos<br \/>\nNo me toques por favor \/ Abr\u00e1zame fuerte<br \/>\nNo puedo hablar<br \/>\nNecesito estar sol@<br \/>\nNecesito estar en silencio<br \/>\nNecesito estar en un lugar seguro<br \/>\nS\u00ed \/ no<\/p>\n<p>Ideal para momentos de mutismo situacional, para brindar apoyo a personas no hablantes o simplemente para apoyar la comunicaci\u00f3n en cualquier momento, este llavero de pictogramas ofrece una forma clara, efectiva , adorable y con mucha personalidad de expresar diversas necesidades a lo largo de 13 alternativas.<\/p>\n<p>Con este Llavero de Pictogramas apoya la comunicaci\u00f3n inclusiva con una creaci\u00f3n \u00fanica y valiosa.<\/p>\n<p>Tambi\u00e9n puedes elegir la opci\u00f3n con fidget, que incluye un pop-it, muy suavecito, de color random.<\/p>\n","protected":false},"featured_media":3975,"template":"","meta":{"om_disable_all_campaigns":false,"_monsterinsights_skip_tracking":false,"_monsterinsights_sitenote_active":false,"_monsterinsights_sitenote_note":"","_monsterinsights_sitenote_category":0,"site-sidebar-layout":"default","site-content-layout":"default","ast-global-header-display":"","ast-main-header-display":"","ast-hfb-above-header-display":"","ast-hfb-below-header-display":"","ast-hfb-mobile-header-display":"","site-post-title":"","ast-breadcrumbs-content":"","ast-featured-img":"","footer-sml-layout":"","theme-transparent-header-meta":"default","adv-header-id-meta":"","stick-header-meta":"","header-above-stick-meta":"","header-main-stick-meta":"","header-below-stick-meta":""},"product_brand":[],"product_cat":[84],"product_tag":[85,35,60,86],"class_list":{"0":"post-3375","1":"product","2":"type-product","3":"status-publish","4":"has-post-thumbnail","6":"product_cat-comunicacion-aumentativa-alternativa","7":"product_tag-comunicacion","8":"product_tag-estilo-de-vida","9":"product_tag-llavero","10":"product_tag-mutismo","11":"desktop-align-left","12":"tablet-align-left","13":"mobile-align-left","15":"first","16":"instock","17":"shipping-taxable","18":"purchasable","19":"product-type-variable"},"aioseo_notices":[],"jetpack_sharing_enabled":true,"_links":{"self":[{"href":"https:\/\/neurodivershop.com\/index.php\/wp-json\/wp\/v2\/product\/3375","targetHints":{"allow":["GET"]}}],"collection":[{"href":"https:\/\/neurodivershop.com\/index.php\/wp-json\/wp\/v2\/product"}],"about":[{"href":"https:\/\/neurodivershop.com\/index.php\/wp-json\/wp\/v2\/types\/product"}],"wp:featuredmedia":[{"embeddable":true,"href":"https:\/\/neurodivershop.com\/index.php\/wp-json\/wp\/v2\/media\/3975"}],"wp:attachment":[{"href":"https:\/\/neurodivershop.com\/index.php\/wp-json\/wp\/v2\/media?parent=3375"}],"wp:term":[{"taxonomy":"product_brand","embeddable":true,"href":"https:\/\/neurodivershop.com\/index.php\/wp-json\/wp\/v2\/product_brand?post=3375"},{"taxonomy":"product_cat","embeddable":true,"href":"https:\/\/neurodivershop.com\/index.php\/wp-json\/wp\/v2\/product_cat?post=3375"},{"taxonomy":"product_tag","embeddable":true,"href":"https:\/\/neurodivershop.com\/index.php\/wp-json\/wp\/v2\/product_tag?post=3375"}],"curies":[{"name":"wp","href":"https:\/\/api.w.org\/{rel}","templated":true}]}}