{"id":3270,"date":"2024-01-10T20:58:00","date_gmt":"2024-01-10T20:58:00","guid":{"rendered":"https:\/\/neurodivershop.com\/?post_type=product&#038;p=3270"},"modified":"2025-05-14T10:47:36","modified_gmt":"2025-05-14T10:47:36","slug":"tiburon-articulado","status":"publish","type":"product","link":"https:\/\/neurodivershop.com\/index.php\/product\/tiburon-articulado\/","title":{"rendered":"Tibur\u00f3n articulado"},"content":{"rendered":"<p>\u00a1Bienvenid@ a la nueva ola de diversi\u00f3n y tranquilidad en Neurodivershop! \ud83c\udf0a Te presento el \u00faltimo tesoro de la tienda, el Tibur\u00f3n articulado, una alternativa fresca y encantadora a las t\u00edpicas babosas articuladas de colores. \ud83e\udd88\ud83d\udc99<\/p>\n<p>Este es primo de otro fidget mucho m\u00e1s conocido y com\u00fan: las babosas articuladas. El problema es que no me gustan las babosas ni tampoco que tenga taaantos colores, por eso busqu\u00e9 una alternativa que sea visualmente m\u00e1s armoniosa y menos sobrestimulante, mientras mantiene lo mejor del fidget tradicional. Un cambio refrescante para aquellos que buscan algo m\u00e1s suave a la vista.<\/p>\n<p>Este tibur\u00f3n no es solo un fidget, es una obra de arte en movimiento. Cada articulaci\u00f3n se mueve suavemente, brind\u00e1ndote una experiencia t\u00e1ctil, auditiva y visual \u00fanica. El sonido que hace es delicado y muy agradable.<\/p>\n<p>Sum\u00e9rgete en la serenidad del oc\u00e9ano con nuestro dise\u00f1o inspirado en el tibur\u00f3n. Perfecto para calmar la mente y reducir el estr\u00e9s en cualquier momento del d\u00eda.<\/p>\n<p>\u00a1Haz del Tibur\u00f3n articulado tu nuevo compa\u00f1ero de tranquilidad y entretenimiento! Descubre el poder relajante de los azules y sum\u00e9rgete en la calma marina con Neurodivershop.<\/p>\n<p><strong>*El tono del color de la cabeza es al azar<\/strong><\/p>\n","protected":false},"excerpt":{"rendered":"<p>\u00a1Bienvenid@ a la nueva ola de diversi\u00f3n y tranquilidad en Neurodivershop! \ud83c\udf0a Te presento el \u00faltimo tesoro de la tienda, el Tibur\u00f3n articulado, una alternativa fresca y encantadora a las t\u00edpicas babosas articuladas de colores. \ud83e\udd88\ud83d\udc99<\/p>\n<p>Este es primo de otro fidget mucho m\u00e1s conocido y com\u00fan: las babosas articuladas. El problema es que no me gustan las babosas ni tampoco que tenga taaantos colores, por eso busqu\u00e9 una alternativa que sea visualmente m\u00e1s armoniosa y menos sobrestimulante, mientras mantiene lo mejor del fidget tradicional. Un cambio refrescante para aquellos que buscan algo m\u00e1s suave a la vista.<\/p>\n<p>Este tibur\u00f3n no es solo un fidget, es una obra de arte en movimiento. Cada articulaci\u00f3n se mueve suavemente, brind\u00e1ndote una experiencia t\u00e1ctil, auditiva y visual \u00fanica. El sonido que hace es delicado y muy agradable.<\/p>\n<p>Sum\u00e9rgete en la serenidad del oc\u00e9ano con nuestro dise\u00f1o inspirado en el tibur\u00f3n. Perfecto para calmar la mente y reducir el estr\u00e9s en cualquier momento del d\u00eda.<\/p>\n<p>\u00a1Haz del Tibur\u00f3n articulado tu nuevo compa\u00f1ero de tranquilidad y entretenimiento! Descubre el poder relajante de los azules y sum\u00e9rgete en la calma marina con Neurodivershop.<\/p>\n<p><strong>*El tono del color de la cabeza es al azar<\/strong><\/p>\n<p>&nbsp;<\/p>\n","protected":false},"featured_media":3281,"template":"","meta":{"om_disable_all_campaigns":false,"_monsterinsights_skip_tracking":false,"_monsterinsights_sitenote_active":false,"_monsterinsights_sitenote_note":"","_monsterinsights_sitenote_category":0,"site-sidebar-layout":"default","site-content-layout":"default","ast-global-header-display":"","ast-main-header-display":"","ast-hfb-above-header-display":"","ast-hfb-below-header-display":"","ast-hfb-mobile-header-display":"","site-post-title":"","ast-breadcrumbs-content":"","ast-featured-img":"","footer-sml-layout":"","theme-transparent-header-meta":"default","adv-header-id-meta":"","stick-header-meta":"","header-above-stick-meta":"","header-main-stick-meta":"","header-below-stick-meta":""},"product_brand":[],"product_cat":[23],"product_tag":[25],"class_list":{"0":"post-3270","1":"product","2":"type-product","3":"status-publish","4":"has-post-thumbnail","6":"product_cat-fidgets","7":"product_tag-fidgets","8":"desktop-align-left","9":"tablet-align-left","10":"mobile-align-left","12":"first","13":"instock","14":"shipping-taxable","15":"purchasable","16":"product-type-simple"},"aioseo_notices":[],"jetpack_sharing_enabled":true,"_links":{"self":[{"href":"https:\/\/neurodivershop.com\/index.php\/wp-json\/wp\/v2\/product\/3270","targetHints":{"allow":["GET"]}}],"collection":[{"href":"https:\/\/neurodivershop.com\/index.php\/wp-json\/wp\/v2\/product"}],"about":[{"href":"https:\/\/neurodivershop.com\/index.php\/wp-json\/wp\/v2\/types\/product"}],"wp:featuredmedia":[{"embeddable":true,"href":"https:\/\/neurodivershop.com\/index.php\/wp-json\/wp\/v2\/media\/3281"}],"wp:attachment":[{"href":"https:\/\/neurodivershop.com\/index.php\/wp-json\/wp\/v2\/media?parent=3270"}],"wp:term":[{"taxonomy":"product_brand","embeddable":true,"href":"https:\/\/neurodivershop.com\/index.php\/wp-json\/wp\/v2\/product_brand?post=3270"},{"taxonomy":"product_cat","embeddable":true,"href":"https:\/\/neurodivershop.com\/index.php\/wp-json\/wp\/v2\/product_cat?post=3270"},{"taxonomy":"product_tag","embeddable":true,"href":"https:\/\/neurodivershop.com\/index.php\/wp-json\/wp\/v2\/product_tag?post=3270"}],"curies":[{"name":"wp","href":"https:\/\/api.w.org\/{rel}","templated":true}]}}