{"id":3227,"date":"2023-12-14T20:32:15","date_gmt":"2023-12-14T20:32:15","guid":{"rendered":"https:\/\/neurodivershop.com\/?post_type=product&#038;p=3227"},"modified":"2026-03-03T03:25:00","modified_gmt":"2026-03-03T03:25:00","slug":"mordedores-de-piedra-tallada","status":"publish","type":"product","link":"https:\/\/neurodivershop.com\/index.php\/product\/mordedores-de-piedra-tallada\/","title":{"rendered":"Mordedores de piedra tallada"},"content":{"rendered":"<p>Llegaron estos nuevos y hermos\u00edsimos Mordedores de Piedra Tallada, una fusi\u00f3n \u00fanica de elegancia y funcionalidad. \ud83d\udc8e\u2728<\/p>\n<p>Estos mordedores no solo son funcionales, \u00a1son aut\u00e9nticas obras de arte! Confeccionados con alta dureza, ofrecen una experiencia masticable resistente y elegante que te ayuda en momentos de estr\u00e9s y tambi\u00e9n complementa tu estilo.<\/p>\n<p>Est\u00e1n disponibles en tres colores elegantes: blanco, negro y verde, para adaptarse a tu estilo personal. Elige entre blanco para una frescura et\u00e9rea, negro para un toque de misterio o verde para conectar con la naturaleza. \u00a1Tres opciones, tres estilos \u00fanicos!<\/p>\n<p>Est\u00e1n hechos en silicona de grado alimenticio y son seguros para morder (siempre recuerda lavarlo antes de cada uso!)<\/p>\n<p>&nbsp;<\/p>\n<p>&nbsp;<\/p>\n","protected":false},"excerpt":{"rendered":"<p>Llegaron estos nuevos y hermos\u00edsimos Mordedores de Piedra Tallada, una fusi\u00f3n \u00fanica de elegancia y funcionalidad. \ud83d\udc8e\u2728<\/p>\n<p>Estos mordedores no solo son funcionales, \u00a1son aut\u00e9nticas obras de arte! Confeccionados con alta dureza, ofrecen una experiencia masticable resistente y elegante que te ayuda en momentos de estr\u00e9s y tambi\u00e9n complementa tu estilo.<\/p>\n<p>Est\u00e1n disponibles en tres colores elegantes: blanco, negro y verde, para adaptarse a tu estilo personal. Elige entre blanco para una frescura et\u00e9rea, negro para un toque de misterio o verde para conectar con la naturaleza. \u00a1Tres opciones, tres estilos \u00fanicos!<\/p>\n<p>Est\u00e1n hechos en silicona de grado alimenticio y son seguros para morder (siempre recuerda lavarlo antes de cada uso!)<\/p>\n","protected":false},"featured_media":3235,"template":"","meta":{"om_disable_all_campaigns":false,"_monsterinsights_skip_tracking":false,"_monsterinsights_sitenote_active":false,"_monsterinsights_sitenote_note":"","_monsterinsights_sitenote_category":0,"site-sidebar-layout":"default","site-content-layout":"default","ast-global-header-display":"","ast-main-header-display":"","ast-hfb-above-header-display":"","ast-hfb-below-header-display":"","ast-hfb-mobile-header-display":"","site-post-title":"","ast-breadcrumbs-content":"","ast-featured-img":"","footer-sml-layout":"","theme-transparent-header-meta":"default","adv-header-id-meta":"","stick-header-meta":"","header-above-stick-meta":"","header-main-stick-meta":"","header-below-stick-meta":""},"product_brand":[],"product_cat":[42],"product_tag":[35,44,43],"class_list":{"0":"post-3227","1":"product","2":"type-product","3":"status-publish","4":"has-post-thumbnail","6":"product_cat-mordedores","7":"product_tag-estilo-de-vida","8":"product_tag-mordedor","9":"product_tag-mordedores","10":"desktop-align-left","11":"tablet-align-left","12":"mobile-align-left","14":"first","15":"outofstock","16":"shipping-taxable","17":"purchasable","18":"product-type-variable"},"aioseo_notices":[],"jetpack_sharing_enabled":true,"_links":{"self":[{"href":"https:\/\/neurodivershop.com\/index.php\/wp-json\/wp\/v2\/product\/3227","targetHints":{"allow":["GET"]}}],"collection":[{"href":"https:\/\/neurodivershop.com\/index.php\/wp-json\/wp\/v2\/product"}],"about":[{"href":"https:\/\/neurodivershop.com\/index.php\/wp-json\/wp\/v2\/types\/product"}],"wp:featuredmedia":[{"embeddable":true,"href":"https:\/\/neurodivershop.com\/index.php\/wp-json\/wp\/v2\/media\/3235"}],"wp:attachment":[{"href":"https:\/\/neurodivershop.com\/index.php\/wp-json\/wp\/v2\/media?parent=3227"}],"wp:term":[{"taxonomy":"product_brand","embeddable":true,"href":"https:\/\/neurodivershop.com\/index.php\/wp-json\/wp\/v2\/product_brand?post=3227"},{"taxonomy":"product_cat","embeddable":true,"href":"https:\/\/neurodivershop.com\/index.php\/wp-json\/wp\/v2\/product_cat?post=3227"},{"taxonomy":"product_tag","embeddable":true,"href":"https:\/\/neurodivershop.com\/index.php\/wp-json\/wp\/v2\/product_tag?post=3227"}],"curies":[{"name":"wp","href":"https:\/\/api.w.org\/{rel}","templated":true}]}}