{"id":3223,"date":"2023-12-15T21:06:01","date_gmt":"2023-12-15T21:06:01","guid":{"rendered":"https:\/\/neurodivershop.com\/?post_type=product&#038;p=3223"},"modified":"2025-11-01T12:38:47","modified_gmt":"2025-11-01T12:38:47","slug":"slinky","status":"publish","type":"product","link":"https:\/\/neurodivershop.com\/index.php\/product\/slinky\/","title":{"rendered":"Slinky!"},"content":{"rendered":"<p>Este es un fidget toy muy nost\u00e1lgico para much@s de nosotr@s, cuando us\u00e1bamos esto mucho antes de que existiera el concepto de fidget toy. Se trata de una explosi\u00f3n de diversi\u00f3n y color con los nuevos Slinkies coloridos.<\/p>\n<p>\u00a1Dale vida a la diversi\u00f3n con estos Slinkies! Perfectos para a\u00f1adir un toque de alegr\u00eda y estimulaci\u00f3n visual a tu d\u00eda. Los Slinkies son cl\u00e1sicos atemporales que brindan horas de entretenimiento.\u00a0La suave y fluida acci\u00f3n del Slinky es m\u00e1s que solo diversi\u00f3n. Ayuda a calmar la mente y mejorar la concentraci\u00f3n, proporcionando una experiencia t\u00e1ctil relajante.<\/p>\n<p>Son muy livianos e ideales para regalo y para casi todas las edades.<\/p>\n<p>&nbsp;<\/p>\n","protected":false},"excerpt":{"rendered":"<p>Este es un fidget toy muy nost\u00e1lgico para much@s de nosotr@s, cuando us\u00e1bamos esto mucho antes de que existiera el concepto de fidget toy. Se trata de una explosi\u00f3n de diversi\u00f3n y color con los nuevos Slinkies coloridos.<\/p>\n<p>\u00a1Dale vida a la diversi\u00f3n con estos Slinkies! Perfectos para a\u00f1adir un toque de alegr\u00eda y estimulaci\u00f3n visual a tu d\u00eda. Los Slinkies son cl\u00e1sicos atemporales que brindan horas de entretenimiento.\u00a0La suave y fluida acci\u00f3n del Slinky es m\u00e1s que solo diversi\u00f3n. Ayuda a calmar la mente y mejorar la concentraci\u00f3n, proporcionando una experiencia t\u00e1ctil relajante.<\/p>\n<p>Son muy livianos e ideales para regalo y para casi todas las edades.<\/p>\n<p>&nbsp;<\/p>\n","protected":false},"featured_media":3224,"template":"","meta":{"om_disable_all_campaigns":false,"_monsterinsights_skip_tracking":false,"_monsterinsights_sitenote_active":false,"_monsterinsights_sitenote_note":"","_monsterinsights_sitenote_category":0,"site-sidebar-layout":"default","site-content-layout":"default","ast-global-header-display":"","ast-main-header-display":"","ast-hfb-above-header-display":"","ast-hfb-below-header-display":"","ast-hfb-mobile-header-display":"","site-post-title":"","ast-breadcrumbs-content":"","ast-featured-img":"","footer-sml-layout":"","theme-transparent-header-meta":"default","adv-header-id-meta":"","stick-header-meta":"","header-above-stick-meta":"","header-main-stick-meta":"","header-below-stick-meta":""},"product_brand":[],"product_cat":[23],"product_tag":[25],"class_list":{"0":"post-3223","1":"product","2":"type-product","3":"status-publish","4":"has-post-thumbnail","6":"product_cat-fidgets","7":"product_tag-fidgets","8":"product_shipping_class-producto-grande","9":"desktop-align-left","10":"tablet-align-left","11":"mobile-align-left","13":"first","14":"instock","15":"shipping-taxable","16":"purchasable","17":"product-type-simple"},"aioseo_notices":[],"jetpack_sharing_enabled":true,"_links":{"self":[{"href":"https:\/\/neurodivershop.com\/index.php\/wp-json\/wp\/v2\/product\/3223","targetHints":{"allow":["GET"]}}],"collection":[{"href":"https:\/\/neurodivershop.com\/index.php\/wp-json\/wp\/v2\/product"}],"about":[{"href":"https:\/\/neurodivershop.com\/index.php\/wp-json\/wp\/v2\/types\/product"}],"wp:featuredmedia":[{"embeddable":true,"href":"https:\/\/neurodivershop.com\/index.php\/wp-json\/wp\/v2\/media\/3224"}],"wp:attachment":[{"href":"https:\/\/neurodivershop.com\/index.php\/wp-json\/wp\/v2\/media?parent=3223"}],"wp:term":[{"taxonomy":"product_brand","embeddable":true,"href":"https:\/\/neurodivershop.com\/index.php\/wp-json\/wp\/v2\/product_brand?post=3223"},{"taxonomy":"product_cat","embeddable":true,"href":"https:\/\/neurodivershop.com\/index.php\/wp-json\/wp\/v2\/product_cat?post=3223"},{"taxonomy":"product_tag","embeddable":true,"href":"https:\/\/neurodivershop.com\/index.php\/wp-json\/wp\/v2\/product_tag?post=3223"}],"curies":[{"name":"wp","href":"https:\/\/api.w.org\/{rel}","templated":true}]}}