{"id":3181,"date":"2023-12-06T21:57:24","date_gmt":"2023-12-06T21:57:24","guid":{"rendered":"https:\/\/neurodivershop.com\/?post_type=product&#038;p=3181"},"modified":"2025-09-29T20:33:32","modified_gmt":"2025-09-29T20:33:32","slug":"el-craneo-de-tus-enemigos-mordedor-de-calavera","status":"publish","type":"product","link":"https:\/\/neurodivershop.com\/index.php\/product\/el-craneo-de-tus-enemigos-mordedor-de-calavera\/","title":{"rendered":"El cr\u00e1neo de tus enemigos (mordedor de calavera)"},"content":{"rendered":"<p>\u00a1Hola, guerrer@ de Neurodivershop! Te presento un mordedor de alto impacto para adolescentes y adultos con mucha actitud\ud83d\udc80\u2728<\/p>\n<p>El cr\u00e1neo de mis enemigos (conocido tambi\u00e9n como Mordedor de calavera)\u00a0 no es para los d\u00e9biles de coraz\u00f3n (ni de dentadura!). Con forma de calavera negra, es el accesorio perfecto para aquellos que buscan algo m\u00e1s alternativo y estilachoso.<\/p>\n<p>Al igual que el cr\u00e1neo de tus enemigos (o parecido), este mordedor es de alta dureza. Ideal para morder y aliviar la tensi\u00f3n, aguanta mejor que otros modelos a los masticadores m\u00e1s ferozmente dedicados.<\/p>\n<p>\u00bfCollar o pulsera? \u00a1T\u00fa decides! Este mordedor de calavera se adapta a tu estilo de vida.<\/p>\n<p>Est\u00e1 hecho de silicona de grado alimenticio, por lo que es totalmente seguro para morder, aunque igual siempre debe lavarse antes de usar.<\/p>\n<p>\u00a1Atr\u00e9vete a ser diferente y abraza la actitud de este mordedor! \u00a1Desata tu estilo \u00fanico y encuentra calma con una dosis de rebeld\u00eda!<\/p>\n","protected":false},"excerpt":{"rendered":"<p>\u00a1Hola, guerrer@ de Neurodivershop! Te presento un mordedor de alto impacto para adolescentes y adultos con mucha actitud\ud83d\udc80\u2728<\/p>\n<p>El cr\u00e1neo de mis enemigos (conocido tambi\u00e9n como Mordedor de calavera)\u00a0 no es para los d\u00e9biles de coraz\u00f3n (ni de dentadura!). Con forma de calavera negra, es el accesorio perfecto para aquellos que buscan algo m\u00e1s alternativo y estilachoso.<\/p>\n<p>Al igual que el cr\u00e1neo de tus enemigos (o parecido), este mordedor es de alta dureza. Ideal para morder y aliviar la tensi\u00f3n, aguanta mejor que otros modelos a los masticadores m\u00e1s ferozmente dedicados.<\/p>\n<p>\u00bfCollar o pulsera? \u00a1T\u00fa decides! Este mordedor de calavera se adapta a tu estilo de vida.<\/p>\n<p>Est\u00e1 hecho de silicona de grado alimenticio, por lo que es totalmente seguro para morder, aunque igual siempre debe lavarse antes de usar.<\/p>\n<p>\u00a1Atr\u00e9vete a ser diferente y abraza la actitud de este mordedor! \u00a1Desata tu estilo \u00fanico y encuentra calma con una dosis de rebeld\u00eda!<\/p>\n","protected":false},"featured_media":3189,"template":"","meta":{"om_disable_all_campaigns":false,"_monsterinsights_skip_tracking":false,"_monsterinsights_sitenote_active":false,"_monsterinsights_sitenote_note":"","_monsterinsights_sitenote_category":0,"site-sidebar-layout":"default","site-content-layout":"default","ast-global-header-display":"","ast-main-header-display":"","ast-hfb-above-header-display":"","ast-hfb-below-header-display":"","ast-hfb-mobile-header-display":"","site-post-title":"","ast-breadcrumbs-content":"","ast-featured-img":"","footer-sml-layout":"","theme-transparent-header-meta":"default","adv-header-id-meta":"","stick-header-meta":"","header-above-stick-meta":"","header-main-stick-meta":"","header-below-stick-meta":""},"product_brand":[],"product_cat":[42],"product_tag":[74,44,43],"class_list":{"0":"post-3181","1":"product","2":"type-product","3":"status-publish","4":"has-post-thumbnail","6":"product_cat-mordedores","7":"product_tag-calavera","8":"product_tag-mordedor","9":"product_tag-mordedores","10":"desktop-align-left","11":"tablet-align-left","12":"mobile-align-left","14":"first","15":"instock","16":"shipping-taxable","17":"purchasable","18":"product-type-simple"},"aioseo_notices":[],"jetpack_sharing_enabled":true,"_links":{"self":[{"href":"https:\/\/neurodivershop.com\/index.php\/wp-json\/wp\/v2\/product\/3181","targetHints":{"allow":["GET"]}}],"collection":[{"href":"https:\/\/neurodivershop.com\/index.php\/wp-json\/wp\/v2\/product"}],"about":[{"href":"https:\/\/neurodivershop.com\/index.php\/wp-json\/wp\/v2\/types\/product"}],"wp:featuredmedia":[{"embeddable":true,"href":"https:\/\/neurodivershop.com\/index.php\/wp-json\/wp\/v2\/media\/3189"}],"wp:attachment":[{"href":"https:\/\/neurodivershop.com\/index.php\/wp-json\/wp\/v2\/media?parent=3181"}],"wp:term":[{"taxonomy":"product_brand","embeddable":true,"href":"https:\/\/neurodivershop.com\/index.php\/wp-json\/wp\/v2\/product_brand?post=3181"},{"taxonomy":"product_cat","embeddable":true,"href":"https:\/\/neurodivershop.com\/index.php\/wp-json\/wp\/v2\/product_cat?post=3181"},{"taxonomy":"product_tag","embeddable":true,"href":"https:\/\/neurodivershop.com\/index.php\/wp-json\/wp\/v2\/product_tag?post=3181"}],"curies":[{"name":"wp","href":"https:\/\/api.w.org\/{rel}","templated":true}]}}