{"id":2876,"date":"2023-07-19T22:29:46","date_gmt":"2023-07-19T22:29:46","guid":{"rendered":"https:\/\/neurodivershop.com\/?post_type=product&#038;p=2876"},"modified":"2025-11-17T19:48:33","modified_gmt":"2025-11-17T19:48:33","slug":"pin-mi-bateria-social","status":"publish","type":"product","link":"https:\/\/neurodivershop.com\/index.php\/product\/pin-mi-bateria-social\/","title":{"rendered":"Pin Mi bater\u00eda social"},"content":{"rendered":"<p>\u00bfAlguna vez has sentido que las personas a tu alrededor no comprenden tus emociones o no quieres tener que verbalizarlas? \u00abMi Bater\u00eda Social\u00bb es el accesorio perfecto para expresar c\u00f3mo te sientes y conectar con quienes te rodean.<\/p>\n<p>Con un dise\u00f1o ingenioso, este pin es m\u00e1s que un simple adorno. Tiene un puntero especial que se puede mover para indicar tu estado de \u00e1nimo o nivel de energ\u00eda social. As\u00ed, podr\u00e1s compartir de forma sutil, pero efectiva, c\u00f3mo te encuentras en cada preciso momento.<\/p>\n<p>Puedes ajustar el pnntero para mostrar si est\u00e1s list@ para socializar, necesitas espacio o simplemente te sientes un poco m\u00e1s reservad@. \u00a1Es como un sem\u00e1foro de emociones!\u00a0Este producto se ha vuelto s\u00faper popular entre la comunidad neurodivergente, y no es de extra\u00f1ar. \u00a1Es una forma \u00fanica y entretenida de comunicarte con los dem\u00e1s sin tener que explicar todo una y otra vez!<\/p>\n<p>No dudes en conseguir tu propio pin de \u00abMi Bater\u00eda Social\u00bb y s\u00e9 parte de esta tendencia que nos ayuda a conectarnos mejor con el mundo que nos rodea. \u00a1Expr\u00e9sate sin miedo y comparte tus emociones con orgullo!<\/p>\n","protected":false},"excerpt":{"rendered":"<p>\u00bfAlguna vez has sentido que las personas a tu alrededor no comprenden tus emociones o no quieres tener que verbalizarlas? \u00abMi Bater\u00eda Social\u00bb es el accesorio perfecto para expresar c\u00f3mo te sientes y conectar con quienes te rodean.<\/p>\n<p>Con un dise\u00f1o ingenioso, este pin es m\u00e1s que un simple adorno. Tiene un puntero especial que se puede mover para indicar tu estado de \u00e1nimo o nivel de energ\u00eda social. As\u00ed, podr\u00e1s compartir de forma sutil, pero efectiva, c\u00f3mo te encuentras en cada preciso momento.<\/p>\n<p>Puedes ajustar el pnntero para mostrar si est\u00e1s list@ para socializar, necesitas espacio o simplemente te sientes un poco m\u00e1s reservad@. \u00a1Es como un sem\u00e1foro de emociones!\u00a0Este producto se ha vuelto s\u00faper popular entre la comunidad neurodivergente, y no es de extra\u00f1ar. \u00a1Es una forma \u00fanica y entretenida de comunicarte con los dem\u00e1s sin tener que explicar todo una y otra vez!<\/p>\n<p>No dudes en conseguir tu propio pin de \u00abMi Bater\u00eda Social\u00bb y s\u00e9 parte de esta tendencia que nos ayuda a conectarnos mejor con el mundo que nos rodea. \u00a1Expr\u00e9sate sin miedo y comparte tus emociones con orgullo!<\/p>\n","protected":false},"featured_media":3292,"template":"","meta":{"om_disable_all_campaigns":false,"_monsterinsights_skip_tracking":false,"_monsterinsights_sitenote_active":false,"_monsterinsights_sitenote_note":"","_monsterinsights_sitenote_category":0,"site-sidebar-layout":"default","site-content-layout":"default","ast-global-header-display":"","ast-main-header-display":"","ast-hfb-above-header-display":"","ast-hfb-below-header-display":"","ast-hfb-mobile-header-display":"","site-post-title":"","ast-breadcrumbs-content":"","ast-featured-img":"","footer-sml-layout":"","theme-transparent-header-meta":"default","adv-header-id-meta":"","stick-header-meta":"","header-above-stick-meta":"","header-main-stick-meta":"","header-below-stick-meta":""},"product_brand":[],"product_cat":[37,40],"product_tag":[38,35,41],"class_list":{"0":"post-2876","1":"product","2":"type-product","3":"status-publish","4":"has-post-thumbnail","6":"product_cat-accesorio","7":"product_cat-pines","8":"product_tag-accesorio","9":"product_tag-estilo-de-vida","10":"product_tag-pines","11":"desktop-align-left","12":"tablet-align-left","13":"mobile-align-left","15":"first","16":"instock","17":"shipping-taxable","18":"purchasable","19":"product-type-simple"},"aioseo_notices":[],"jetpack_sharing_enabled":true,"_links":{"self":[{"href":"https:\/\/neurodivershop.com\/index.php\/wp-json\/wp\/v2\/product\/2876","targetHints":{"allow":["GET"]}}],"collection":[{"href":"https:\/\/neurodivershop.com\/index.php\/wp-json\/wp\/v2\/product"}],"about":[{"href":"https:\/\/neurodivershop.com\/index.php\/wp-json\/wp\/v2\/types\/product"}],"wp:featuredmedia":[{"embeddable":true,"href":"https:\/\/neurodivershop.com\/index.php\/wp-json\/wp\/v2\/media\/3292"}],"wp:attachment":[{"href":"https:\/\/neurodivershop.com\/index.php\/wp-json\/wp\/v2\/media?parent=2876"}],"wp:term":[{"taxonomy":"product_brand","embeddable":true,"href":"https:\/\/neurodivershop.com\/index.php\/wp-json\/wp\/v2\/product_brand?post=2876"},{"taxonomy":"product_cat","embeddable":true,"href":"https:\/\/neurodivershop.com\/index.php\/wp-json\/wp\/v2\/product_cat?post=2876"},{"taxonomy":"product_tag","embeddable":true,"href":"https:\/\/neurodivershop.com\/index.php\/wp-json\/wp\/v2\/product_tag?post=2876"}],"curies":[{"name":"wp","href":"https:\/\/api.w.org\/{rel}","templated":true}]}}