{"id":2835,"date":"2023-07-05T23:10:12","date_gmt":"2023-07-05T23:10:12","guid":{"rendered":"https:\/\/neurodivershop.com\/?post_type=product&#038;p=2835"},"modified":"2025-04-02T12:49:40","modified_gmt":"2025-04-02T12:49:40","slug":"tapones-de-cancelacion-de-ruido-para-nins","status":"publish","type":"product","link":"https:\/\/neurodivershop.com\/index.php\/product\/tapones-de-cancelacion-de-ruido-para-nins\/","title":{"rendered":"Tapones de cancelaci\u00f3n de ruido \u00a1para ni\u00f1@s!"},"content":{"rendered":"<p>Ya los tapones para adultos han ayudado a muchos neurodivergentes, pero tambi\u00e9n muchos me dijeron que los tapones de cancelaci\u00f3n de ruido para ni\u00f1@s eran una necesidad as\u00ed que \u00a1aqu\u00ed est\u00e1n! En cuatro colores, azul, rosa, verde y gris, para adaptarse a todos los gustos, estos tapones son peque\u00f1os, suaves, flexibles y c\u00f3modos. Est\u00e1n hechos con silicona que es amistosa con la piel.<\/p>\n<p>\u00bfY lo mejor? Se pueden usar en cualquier ocasi\u00f3n, sirven para dormir, para nadar, para estudiar y son discretos para poder usar en cualquier entorno.<\/p>\n<p>Con tres niveles de cancelaci\u00f3n y un filtro de ruido exterior, son ideales para todos los ni\u00f1@s que sufren de sensibilidad auditiva.<\/p>\n<p>Reducen aproximadamente 36 decibeles y vienen con su propia cajita para guardarlos.<\/p>\n","protected":false},"excerpt":{"rendered":"<p>Ya los tapones para adultos han ayudado a muchos neurodivergentes, pero tambi\u00e9n muchos me dijeron que los tapones de cancelaci\u00f3n de ruido para ni\u00f1@s eran una necesidad as\u00ed que \u00a1aqu\u00ed est\u00e1n! En cuatro colores, azul, rosa, verde y gris, para adaptarse a todos los gustos, estos tapones son peque\u00f1os, suaves, flexibles y c\u00f3modos. Est\u00e1n hechos con silicona que es amistosa con la piel.<\/p>\n<p>\u00bfY lo mejor? Se pueden usar en cualquier ocasi\u00f3n, sirven para dormir, para nadar, para estudiar y son discretos para poder usar en cualquier entorno.<\/p>\n<p>Con tres niveles de cancelaci\u00f3n y un filtro de ruido exterior, son ideales para todos los ni\u00f1@s que sufren de sensibilidad auditiva.<\/p>\n<p>Reducen aproximadamente 36 decibeles y vienen con su propia cajita para guardarlos.<\/p>\n","protected":false},"featured_media":3290,"template":"","meta":{"om_disable_all_campaigns":false,"_monsterinsights_skip_tracking":false,"_monsterinsights_sitenote_active":false,"_monsterinsights_sitenote_note":"","_monsterinsights_sitenote_category":0,"site-sidebar-layout":"default","site-content-layout":"default","ast-global-header-display":"","ast-main-header-display":"","ast-hfb-above-header-display":"","ast-hfb-below-header-display":"","ast-hfb-mobile-header-display":"","site-post-title":"","ast-breadcrumbs-content":"","ast-featured-img":"","footer-sml-layout":"","theme-transparent-header-meta":"default","adv-header-id-meta":"","stick-header-meta":"","header-above-stick-meta":"","header-main-stick-meta":"","header-below-stick-meta":""},"product_brand":[],"product_cat":[69,31],"product_tag":[35,32],"class_list":{"0":"post-2835","1":"product","2":"type-product","3":"status-publish","4":"has-post-thumbnail","6":"product_cat-proteccion-auditiva","7":"product_cat-tapones","8":"product_tag-estilo-de-vida","9":"product_tag-tapones","10":"desktop-align-left","11":"tablet-align-left","12":"mobile-align-left","14":"first","15":"instock","16":"shipping-taxable","17":"purchasable","18":"product-type-variable"},"aioseo_notices":[],"jetpack_sharing_enabled":true,"_links":{"self":[{"href":"https:\/\/neurodivershop.com\/index.php\/wp-json\/wp\/v2\/product\/2835","targetHints":{"allow":["GET"]}}],"collection":[{"href":"https:\/\/neurodivershop.com\/index.php\/wp-json\/wp\/v2\/product"}],"about":[{"href":"https:\/\/neurodivershop.com\/index.php\/wp-json\/wp\/v2\/types\/product"}],"wp:featuredmedia":[{"embeddable":true,"href":"https:\/\/neurodivershop.com\/index.php\/wp-json\/wp\/v2\/media\/3290"}],"wp:attachment":[{"href":"https:\/\/neurodivershop.com\/index.php\/wp-json\/wp\/v2\/media?parent=2835"}],"wp:term":[{"taxonomy":"product_brand","embeddable":true,"href":"https:\/\/neurodivershop.com\/index.php\/wp-json\/wp\/v2\/product_brand?post=2835"},{"taxonomy":"product_cat","embeddable":true,"href":"https:\/\/neurodivershop.com\/index.php\/wp-json\/wp\/v2\/product_cat?post=2835"},{"taxonomy":"product_tag","embeddable":true,"href":"https:\/\/neurodivershop.com\/index.php\/wp-json\/wp\/v2\/product_tag?post=2835"}],"curies":[{"name":"wp","href":"https:\/\/api.w.org\/{rel}","templated":true}]}}