{"id":2652,"date":"2023-04-26T01:44:21","date_gmt":"2023-04-26T01:44:21","guid":{"rendered":"https:\/\/neurodivershop.com\/index.php\/product\/tarjeta-regalo\/"},"modified":"2023-12-17T21:53:52","modified_gmt":"2023-12-17T21:53:52","slug":"tarjeta-regalo","status":"publish","type":"product","link":"https:\/\/neurodivershop.com\/index.php\/product\/tarjeta-regalo\/","title":{"rendered":"Tarjeta de regalo"},"content":{"rendered":"<p>\u00bfNo est\u00e1s seguro de qu\u00e9 regalarle a tu amig@, familiar o ser querido neurodivergente? \u00a1Estas tarjetas de regalo son la soluci\u00f3n perfecta! Con dos opciones de valor, puedes elegir para que tu regalo sea exactamente lo que necesitan.<\/p>\n<p>Estas tarjetas de regalo son f\u00e1ciles de usar y no tienen fecha de vencimiento, lo que significa que puedes utilizarlas en cualquier momento que quieras. Adem\u00e1s, nuestros productos est\u00e1n dise\u00f1ados espec\u00edficamente para satisfacer las necesidades de la comunidad neurodivergente, lo que significa que puedes estar segur@ de que est\u00e1s regalando algo que realmente importa y ayuda.<\/p>\n<p>\u00bfQuieres enviar una tarjeta de regalo como regalo sorpresa a alguien? \u00a1No hay problema! Puedes enviar la tarjeta de regalo directamente a su correo electr\u00f3nico, para que puedan disfrutar de su regalo al instante.<\/p>\n<p>As\u00ed que, \u00bfqu\u00e9 est\u00e1s esperando? Obt\u00e9n una tarjeta de regalo para alguien que amas hoy mismo y d\u00e9jalos elegir entre una amplia variedad de productos que les ayudar\u00e1n a mejorar su calidad de vida.<\/p>\n","protected":false},"excerpt":{"rendered":"<p>\u00bfNo est\u00e1s seguro de qu\u00e9 regalarle a tu amig@, familiar o ser querido neurodivergente? \u00a1Estas tarjetas de regalo son la soluci\u00f3n perfecta! Con dos opciones de valor, puedes elegir para que tu regalo sea exactamente lo que necesitan.<\/p>\n<p>Estas tarjetas de regalo son f\u00e1ciles de usar y no tienen fecha de vencimiento, lo que significa que puedes utilizarlas en cualquier momento que quieras. Adem\u00e1s, nuestros productos est\u00e1n dise\u00f1ados espec\u00edficamente para satisfacer las necesidades de la comunidad neurodivergente, lo que significa que puedes estar segur@ de que est\u00e1s regalando algo que realmente importa y ayuda.<\/p>\n<p>\u00bfQuieres enviar una tarjeta de regalo como regalo sorpresa a alguien? \u00a1No hay problema! Puedes enviar la tarjeta de regalo directamente a su correo electr\u00f3nico, para que puedan disfrutar de su regalo al instante.<\/p>\n<p>As\u00ed que, \u00bfqu\u00e9 est\u00e1s esperando? Obt\u00e9n una tarjeta de regalo para alguien que amas hoy mismo y d\u00e9jalos elegir entre una amplia variedad de productos que les ayudar\u00e1n a mejorar su calidad de vida.<\/p>\n","protected":false},"featured_media":2715,"template":"","meta":{"om_disable_all_campaigns":false,"_monsterinsights_skip_tracking":false,"_monsterinsights_sitenote_active":false,"_monsterinsights_sitenote_note":"","_monsterinsights_sitenote_category":0,"site-sidebar-layout":"default","site-content-layout":"default","ast-global-header-display":"","ast-main-header-display":"","ast-hfb-above-header-display":"","ast-hfb-below-header-display":"","ast-hfb-mobile-header-display":"","site-post-title":"","ast-breadcrumbs-content":"","ast-featured-img":"","footer-sml-layout":"","theme-transparent-header-meta":"default","adv-header-id-meta":"","stick-header-meta":"","header-above-stick-meta":"","header-main-stick-meta":"","header-below-stick-meta":""},"product_brand":[],"product_cat":[15,61],"product_tag":[62,64,63],"class_list":{"0":"post-2652","1":"product","2":"type-product","3":"status-publish","4":"has-post-thumbnail","6":"product_cat-uncategorized","7":"product_cat-gift-card","8":"product_tag-gift-card","9":"product_tag-regalo","10":"product_tag-tarjeta-de-regalo","11":"desktop-align-left","12":"tablet-align-left","13":"mobile-align-left","15":"first","16":"instock","17":"purchasable","18":"product-type-pw-gift-card"},"aioseo_notices":[],"jetpack_sharing_enabled":true,"_links":{"self":[{"href":"https:\/\/neurodivershop.com\/index.php\/wp-json\/wp\/v2\/product\/2652","targetHints":{"allow":["GET"]}}],"collection":[{"href":"https:\/\/neurodivershop.com\/index.php\/wp-json\/wp\/v2\/product"}],"about":[{"href":"https:\/\/neurodivershop.com\/index.php\/wp-json\/wp\/v2\/types\/product"}],"wp:featuredmedia":[{"embeddable":true,"href":"https:\/\/neurodivershop.com\/index.php\/wp-json\/wp\/v2\/media\/2715"}],"wp:attachment":[{"href":"https:\/\/neurodivershop.com\/index.php\/wp-json\/wp\/v2\/media?parent=2652"}],"wp:term":[{"taxonomy":"product_brand","embeddable":true,"href":"https:\/\/neurodivershop.com\/index.php\/wp-json\/wp\/v2\/product_brand?post=2652"},{"taxonomy":"product_cat","embeddable":true,"href":"https:\/\/neurodivershop.com\/index.php\/wp-json\/wp\/v2\/product_cat?post=2652"},{"taxonomy":"product_tag","embeddable":true,"href":"https:\/\/neurodivershop.com\/index.php\/wp-json\/wp\/v2\/product_tag?post=2652"}],"curies":[{"name":"wp","href":"https:\/\/api.w.org\/{rel}","templated":true}]}}