{"id":2504,"date":"2023-03-07T23:40:25","date_gmt":"2023-03-07T23:40:25","guid":{"rendered":"https:\/\/neurodivershop.com\/?post_type=product&#038;p=2504"},"modified":"2025-04-24T01:15:41","modified_gmt":"2025-04-24T01:15:41","slug":"pulseras-mordedoras","status":"publish","type":"product","link":"https:\/\/neurodivershop.com\/index.php\/product\/pulseras-mordedoras\/","title":{"rendered":"Pulseras mordedoras"},"content":{"rendered":"<p>Te presento estas nuevas pulseras mordedoras, hechas con silicona de grado alimenticio, dise\u00f1adas para brindar alivio y comodidad a aquellos que necesitan masticar o morder para liberar tensi\u00f3n.<\/p>\n<p>Adem\u00e1s tienen un dise\u00f1o hermoso, discreto y original, y vienen en dos colores elegantes: gris y negro, lo que las hace perfectas para combinar con cualquier atuendo. La silicona de grado alimenticio las hace seguras para morder y masticar (igual hay que lavarlas antes de cada uso).<\/p>\n<p>No importa si est\u00e1s en la escuela, en el trabajo o simplemente en casa, estas pulseras mordedoras son el compa\u00f1ero perfecto para aliviar la ansiedad y el estr\u00e9s. Adem\u00e1s, su dise\u00f1o discreto y elegante las convierte en una opci\u00f3n excelente para aquellos que prefieren una soluci\u00f3n discreta para morder.<\/p>\n<p>No esperes m\u00e1s para obtener la ayuda que necesitas para reducir la ansiedad y la tensi\u00f3n en tu d\u00eda a d\u00eda. \u00a1Estas pulseras mordedoras son justo lo que has estado buscando!<\/p>\n","protected":false},"excerpt":{"rendered":"<p>Te presento estas nuevas pulseras mordedoras, hechas con silicona de grado alimenticio, dise\u00f1adas para brindar alivio y comodidad a aquellos que necesitan masticar o morder para liberar tensi\u00f3n.<\/p>\n<p>Adem\u00e1s tienen un dise\u00f1o hermoso, discreto y original, y vienen en dos colores elegantes: gris y negro, lo que las hace perfectas para combinar con cualquier atuendo. La silicona de grado alimenticio las hace seguras para morder y masticar (igual hay que lavarlas antes de cada uso).<\/p>\n<p>No importa si est\u00e1s en la escuela, en el trabajo o simplemente en casa, estas pulseras mordedoras son el compa\u00f1ero perfecto para aliviar la ansiedad y el estr\u00e9s. Adem\u00e1s, su dise\u00f1o discreto y elegante las convierte en una opci\u00f3n excelente para aquellos que prefieren una soluci\u00f3n discreta para morder.<\/p>\n<p>No esperes m\u00e1s para obtener la ayuda que necesitas para reducir la ansiedad y la tensi\u00f3n en tu d\u00eda a d\u00eda. \u00a1Estas pulseras mordedoras son justo lo que has estado buscando!<\/p>\n","protected":false},"featured_media":2507,"template":"","meta":{"om_disable_all_campaigns":false,"_monsterinsights_skip_tracking":false,"_monsterinsights_sitenote_active":false,"_monsterinsights_sitenote_note":"","_monsterinsights_sitenote_category":0,"site-sidebar-layout":"default","site-content-layout":"default","ast-global-header-display":"","ast-main-header-display":"","ast-hfb-above-header-display":"","ast-hfb-below-header-display":"","ast-hfb-mobile-header-display":"","site-post-title":"","ast-breadcrumbs-content":"","ast-featured-img":"","footer-sml-layout":"","theme-transparent-header-meta":"default","adv-header-id-meta":"","stick-header-meta":"","header-above-stick-meta":"","header-main-stick-meta":"","header-below-stick-meta":""},"product_brand":[],"product_cat":[37,42],"product_tag":[38,43],"class_list":{"0":"post-2504","1":"product","2":"type-product","3":"status-publish","4":"has-post-thumbnail","6":"product_cat-accesorio","7":"product_cat-mordedores","8":"product_tag-accesorio","9":"product_tag-mordedores","10":"desktop-align-left","11":"tablet-align-left","12":"mobile-align-left","14":"first","15":"instock","16":"shipping-taxable","17":"purchasable","18":"product-type-variable"},"aioseo_notices":[],"jetpack_sharing_enabled":true,"_links":{"self":[{"href":"https:\/\/neurodivershop.com\/index.php\/wp-json\/wp\/v2\/product\/2504","targetHints":{"allow":["GET"]}}],"collection":[{"href":"https:\/\/neurodivershop.com\/index.php\/wp-json\/wp\/v2\/product"}],"about":[{"href":"https:\/\/neurodivershop.com\/index.php\/wp-json\/wp\/v2\/types\/product"}],"wp:featuredmedia":[{"embeddable":true,"href":"https:\/\/neurodivershop.com\/index.php\/wp-json\/wp\/v2\/media\/2507"}],"wp:attachment":[{"href":"https:\/\/neurodivershop.com\/index.php\/wp-json\/wp\/v2\/media?parent=2504"}],"wp:term":[{"taxonomy":"product_brand","embeddable":true,"href":"https:\/\/neurodivershop.com\/index.php\/wp-json\/wp\/v2\/product_brand?post=2504"},{"taxonomy":"product_cat","embeddable":true,"href":"https:\/\/neurodivershop.com\/index.php\/wp-json\/wp\/v2\/product_cat?post=2504"},{"taxonomy":"product_tag","embeddable":true,"href":"https:\/\/neurodivershop.com\/index.php\/wp-json\/wp\/v2\/product_tag?post=2504"}],"curies":[{"name":"wp","href":"https:\/\/api.w.org\/{rel}","templated":true}]}}