{"id":2409,"date":"2023-02-13T21:13:13","date_gmt":"2023-02-13T21:13:13","guid":{"rendered":"https:\/\/neurodivershop.com\/?post_type=product&#038;p=2409"},"modified":"2026-03-25T16:59:19","modified_gmt":"2026-03-25T16:59:19","slug":"flexagon-de-crochet-colaboracion-con-natita-crochet","status":"publish","type":"product","link":"https:\/\/neurodivershop.com\/index.php\/product\/flexagon-de-crochet-colaboracion-con-natita-crochet\/","title":{"rendered":"Flexagon de crochet"},"content":{"rendered":"<p>Este Flexagon es un fidget giratorio hecho a crochet por <a href=\"https:\/\/www.instagram.com\/natitacrochet\/\">\u00d1atita Crochet.<\/a><\/p>\n<p>Cada Flexagon est\u00e1 cuidadosamente tejido por ella con algod\u00f3n premium hipoalerg\u00e9nico y ecorelleno de Ecocitex, y cuenta con catorce opciones de colores hermosos para que puedas elegir el que m\u00e1s se adapte a tus gustos y necesidades.<\/p>\n<p>Adem\u00e1s, es un fidget perfecto para aquellos que necesitan tener algo para jugar mientras se concentran, relajan o simplemente pasan el tiempo, y es el compa\u00f1ero perfecto para llevar contigo en el trabajo, la escuela o simplemente para pasar el tiempo mientras lo giras infinitamente hacia adentro o hacia afuera. \u00a1Es tan suave y agradable al tacto que no querr\u00e1s soltarlo nunca!<\/p>\n<p>Es de producci\u00f3n nacional artesanal y con enfoque ecol\u00f3gico, ideal para ti o para regalar.<\/p>\n<p>&nbsp;<\/p>\n<p><em>Para conocer m\u00e1s sobre \u00d1atita Crochet, haz click aqu\u00ed:<\/em><\/p>\n<p><a href=\"https:\/\/www.instagram.com\/natitacrochet\/\">\u00a0 \u00a0 \u00a0 \u00a0 \u00a0 \u00a0 \u00a0 \u00a0 <img decoding=\"async\" class=\"alignnone wp-image-2431\" src=\"http:\/\/neurodivershop.com\/wp-content\/uploads\/2023\/02\/WhatsApp-Image-2023-02-13-at-4.46.07-PM-300x300.jpeg\" alt=\"Logo \u00d1atita Crochet\" width=\"177\" height=\"177\" srcset=\"https:\/\/neurodivershop.com\/wp-content\/uploads\/2023\/02\/WhatsApp-Image-2023-02-13-at-4.46.07-PM-300x300.jpeg 300w, https:\/\/neurodivershop.com\/wp-content\/uploads\/2023\/02\/WhatsApp-Image-2023-02-13-at-4.46.07-PM-1024x1024.jpeg 1024w, https:\/\/neurodivershop.com\/wp-content\/uploads\/2023\/02\/WhatsApp-Image-2023-02-13-at-4.46.07-PM-150x150.jpeg 150w, https:\/\/neurodivershop.com\/wp-content\/uploads\/2023\/02\/WhatsApp-Image-2023-02-13-at-4.46.07-PM-768x768.jpeg 768w, https:\/\/neurodivershop.com\/wp-content\/uploads\/2023\/02\/WhatsApp-Image-2023-02-13-at-4.46.07-PM-500x500.jpeg 500w, https:\/\/neurodivershop.com\/wp-content\/uploads\/2023\/02\/WhatsApp-Image-2023-02-13-at-4.46.07-PM-400x400.jpeg 400w, https:\/\/neurodivershop.com\/wp-content\/uploads\/2023\/02\/WhatsApp-Image-2023-02-13-at-4.46.07-PM-100x100.jpeg 100w, https:\/\/neurodivershop.com\/wp-content\/uploads\/2023\/02\/WhatsApp-Image-2023-02-13-at-4.46.07-PM.jpeg 1080w\" sizes=\"(max-width: 177px) 100vw, 177px\" \/><\/a><\/p>\n","protected":false},"excerpt":{"rendered":"<p>Este Flexagon es un fidget giratorio hecho a crochet por <a href=\"https:\/\/www.instagram.com\/natitacrochet\/\">\u00d1atita Crochet.<\/a><\/p>\n<p>Cada Flexagon est\u00e1 cuidadosamente tejido por ella con algod\u00f3n premium hipoalerg\u00e9nico y ecorelleno de Ecocitex, y cuenta con catorce opciones de colores hermosos para que puedas elegir el que m\u00e1s se adapte a tus gustos y necesidades.<\/p>\n<p>Adem\u00e1s, es un fidget perfecto para aquellos que necesitan tener algo para jugar mientras se concentran, relajan o simplemente pasan el tiempo, y es el compa\u00f1ero perfecto para llevar contigo en el trabajo, la escuela o simplemente para pasar el tiempo mientras lo giras infinitamente hacia adentro o hacia afuera. \u00a1Es tan suave y agradable al tacto que no querr\u00e1s soltarlo nunca!<\/p>\n<p>Es de producci\u00f3n nacional artesanal y con enfoque ecol\u00f3gico, ideal para ti o para regalar.<\/p>\n<p>&nbsp;<\/p>\n","protected":false},"featured_media":2410,"template":"","meta":{"om_disable_all_campaigns":false,"_monsterinsights_skip_tracking":false,"_monsterinsights_sitenote_active":false,"_monsterinsights_sitenote_note":"","_monsterinsights_sitenote_category":0,"site-sidebar-layout":"default","site-content-layout":"default","ast-global-header-display":"","ast-main-header-display":"","ast-hfb-above-header-display":"","ast-hfb-below-header-display":"","ast-hfb-mobile-header-display":"","site-post-title":"","ast-breadcrumbs-content":"","ast-featured-img":"","footer-sml-layout":"","theme-transparent-header-meta":"default","adv-header-id-meta":"","stick-header-meta":"","header-above-stick-meta":"","header-main-stick-meta":"","header-below-stick-meta":""},"product_brand":[],"product_cat":[23],"product_tag":[24,25,27],"class_list":{"0":"post-2409","1":"product","2":"type-product","3":"status-publish","4":"has-post-thumbnail","6":"product_cat-fidgets","7":"product_tag-apretables","8":"product_tag-fidgets","9":"product_tag-transformadores","10":"desktop-align-left","11":"tablet-align-left","12":"mobile-align-left","14":"first","15":"instock","16":"shipping-taxable","17":"purchasable","18":"product-type-variable"},"aioseo_notices":[],"jetpack_sharing_enabled":true,"_links":{"self":[{"href":"https:\/\/neurodivershop.com\/index.php\/wp-json\/wp\/v2\/product\/2409","targetHints":{"allow":["GET"]}}],"collection":[{"href":"https:\/\/neurodivershop.com\/index.php\/wp-json\/wp\/v2\/product"}],"about":[{"href":"https:\/\/neurodivershop.com\/index.php\/wp-json\/wp\/v2\/types\/product"}],"wp:featuredmedia":[{"embeddable":true,"href":"https:\/\/neurodivershop.com\/index.php\/wp-json\/wp\/v2\/media\/2410"}],"wp:attachment":[{"href":"https:\/\/neurodivershop.com\/index.php\/wp-json\/wp\/v2\/media?parent=2409"}],"wp:term":[{"taxonomy":"product_brand","embeddable":true,"href":"https:\/\/neurodivershop.com\/index.php\/wp-json\/wp\/v2\/product_brand?post=2409"},{"taxonomy":"product_cat","embeddable":true,"href":"https:\/\/neurodivershop.com\/index.php\/wp-json\/wp\/v2\/product_cat?post=2409"},{"taxonomy":"product_tag","embeddable":true,"href":"https:\/\/neurodivershop.com\/index.php\/wp-json\/wp\/v2\/product_tag?post=2409"}],"curies":[{"name":"wp","href":"https:\/\/api.w.org\/{rel}","templated":true}]}}