{"id":2339,"date":"2023-02-01T22:34:10","date_gmt":"2023-02-01T22:34:10","guid":{"rendered":"https:\/\/neurodivershop.com\/?post_type=product&#038;p=2339"},"modified":"2023-11-28T22:47:03","modified_gmt":"2023-11-28T22:47:03","slug":"platos-con-divisiones-para-que-no-se-mezcle-la-comida","status":"publish","type":"product","link":"https:\/\/neurodivershop.com\/index.php\/product\/platos-con-divisiones-para-que-no-se-mezcle-la-comida\/","title":{"rendered":"Platos con divisiones para que no se mezcle la comida"},"content":{"rendered":"<p>Para muchos neurodivergentes, una regla esencial de la selectividad alimentaria que nos caracteriza es esta: los alimentos \u00a1no se deben tocar! Y como a veces no es f\u00e1cil, e incluso mucha gente no lo entiende o no lo respeta, aqu\u00ed tienes la soluci\u00f3n perfecta: platos con divisiones.<\/p>\n<p>Estos platos son perfectos: grandes (miden 22cm de ancho), las divisiones son suficientemente altas para que la comida no se toque pero no lo suficientemente profundo para que sea inc\u00f3modo cortar la comida, son de una textura suave y muy c\u00f3moda, super livianos, muy resistentes, hechos de polipropileno y fibra de trigo, por lo que son libres de l\u00e1tex, libres de BPA y libres de PVC. Y, por si fuera poco, se pueden apilar perfectamente entre ellos.<\/p>\n","protected":false},"excerpt":{"rendered":"<p>Para muchos neurodivergentes, una regla esencial de la selectividad alimentaria es esta: los alimentos \u00a1no se deben tocar! Y como a veces no es f\u00e1cil, e incluso mucha gente no lo entiende o no lo respeta, aqu\u00ed tienes la soluci\u00f3n perfecta: platos con divisiones.<\/p>\n<p>Estos platos son perfectos: grandes (miden 22cm de ancho), las divisiones son suficientemente altas para que la comida no se toque pero no lo suficientemente profundo para que sea inc\u00f3modo cortar la comida, son de una textura suave y muy c\u00f3moda, super livianos, muy resistentes, hechos de polipropileno y fibra de trigo, por lo que son libres de l\u00e1tex, libres de BPA y libres de PVC. Y, por si fuera poco, se pueden apilar perfectamente entre ellos.<\/p>\n","protected":false},"featured_media":2342,"template":"","meta":{"om_disable_all_campaigns":false,"_monsterinsights_skip_tracking":false,"_monsterinsights_sitenote_active":false,"_monsterinsights_sitenote_note":"","_monsterinsights_sitenote_category":0,"site-sidebar-layout":"default","site-content-layout":"default","ast-global-header-display":"","ast-main-header-display":"","ast-hfb-above-header-display":"","ast-hfb-below-header-display":"","ast-hfb-mobile-header-display":"","site-post-title":"","ast-breadcrumbs-content":"","ast-featured-img":"","footer-sml-layout":"","theme-transparent-header-meta":"default","adv-header-id-meta":"","stick-header-meta":"","header-above-stick-meta":"","header-main-stick-meta":"","header-below-stick-meta":""},"product_brand":[],"product_cat":[47],"product_tag":[49,35,48],"class_list":{"0":"post-2339","1":"product","2":"type-product","3":"status-publish","4":"has-post-thumbnail","6":"product_cat-platos","7":"product_tag-alimentacion","8":"product_tag-estilo-de-vida","9":"product_tag-platos","10":"product_shipping_class-producto-grande","11":"desktop-align-left","12":"tablet-align-left","13":"mobile-align-left","15":"first","16":"instock","17":"shipping-taxable","18":"purchasable","19":"product-type-variable"},"aioseo_notices":[],"jetpack_sharing_enabled":true,"_links":{"self":[{"href":"https:\/\/neurodivershop.com\/index.php\/wp-json\/wp\/v2\/product\/2339","targetHints":{"allow":["GET"]}}],"collection":[{"href":"https:\/\/neurodivershop.com\/index.php\/wp-json\/wp\/v2\/product"}],"about":[{"href":"https:\/\/neurodivershop.com\/index.php\/wp-json\/wp\/v2\/types\/product"}],"wp:featuredmedia":[{"embeddable":true,"href":"https:\/\/neurodivershop.com\/index.php\/wp-json\/wp\/v2\/media\/2342"}],"wp:attachment":[{"href":"https:\/\/neurodivershop.com\/index.php\/wp-json\/wp\/v2\/media?parent=2339"}],"wp:term":[{"taxonomy":"product_brand","embeddable":true,"href":"https:\/\/neurodivershop.com\/index.php\/wp-json\/wp\/v2\/product_brand?post=2339"},{"taxonomy":"product_cat","embeddable":true,"href":"https:\/\/neurodivershop.com\/index.php\/wp-json\/wp\/v2\/product_cat?post=2339"},{"taxonomy":"product_tag","embeddable":true,"href":"https:\/\/neurodivershop.com\/index.php\/wp-json\/wp\/v2\/product_tag?post=2339"}],"curies":[{"name":"wp","href":"https:\/\/api.w.org\/{rel}","templated":true}]}}