{"id":2298,"date":"2023-01-26T22:02:41","date_gmt":"2023-01-26T22:02:41","guid":{"rendered":"https:\/\/neurodivershop.com\/?post_type=product&#038;p=2298"},"modified":"2025-09-30T16:51:00","modified_gmt":"2025-09-30T16:51:00","slug":"unicornio-apretable","status":"publish","type":"product","link":"https:\/\/neurodivershop.com\/index.php\/product\/unicornio-apretable\/","title":{"rendered":"Unicornios apretables"},"content":{"rendered":"<p>Este unicornio apretable \u00a1es demasiado tierno! Pero adem\u00e1s es rico para apretar y generar formas extravagantes que vuelven a su forma original cuando lo dejas de apretar. Est\u00e1n llenos de escarcha y brillitos, por ende tambi\u00e9n pueden funcionar para hacer stimming visual.<\/p>\n<p>La textura es tipo goma, con un el olor suave y una sensaci\u00f3n un poco pegajosa. Vienen en cuatro colores y est\u00e1n listos para acompa\u00f1arte en tu escritorio o en donde quieras, y mantener tus manos ocupadas y tu mente enfocada.<\/p>\n<p>Por supuesto tiene un l\u00edmite y no se debe apretar hasta romper pues se le puede salir el l\u00edquido que trae adentro, pero aguanta un nivel de fuerza intermedio sin problemas.<\/p>\n<p>&nbsp;<\/p>\n","protected":false},"excerpt":{"rendered":"<p>Este unicornio apretable \u00a1es demasiado tierno! Pero adem\u00e1s es rico para apretar y generar formas extravagantes que vuelven a su forma original cuando lo dejas de apretar. Est\u00e1n llenos de escarcha y brillitos, por ende tambi\u00e9n pueden funcionar para hacer stimming visual.<\/p>\n<p>La textura es tipo goma, con un el olor suave y una sensaci\u00f3n un poco pegajosa. Vienen en cuatro colores y est\u00e1n listos para acompa\u00f1arte en tu escritorio o en donde quieras, y mantener tus manos ocupadas y tu mente enfocada.<\/p>\n<p>Por supuesto tiene un l\u00edmite y no se debe apretar hasta romper pues se le puede salir el l\u00edquido que trae adentro, pero aguanta un nivel de fuerza intermedio sin problemas.<\/p>\n<p>&nbsp;<\/p>\n","protected":false},"featured_media":4087,"template":"","meta":{"om_disable_all_campaigns":false,"_monsterinsights_skip_tracking":false,"_monsterinsights_sitenote_active":false,"_monsterinsights_sitenote_note":"","_monsterinsights_sitenote_category":0,"site-sidebar-layout":"default","site-content-layout":"default","ast-global-header-display":"","ast-main-header-display":"","ast-hfb-above-header-display":"","ast-hfb-below-header-display":"","ast-hfb-mobile-header-display":"","site-post-title":"","ast-breadcrumbs-content":"","ast-featured-img":"","footer-sml-layout":"","theme-transparent-header-meta":"default","adv-header-id-meta":"","stick-header-meta":"","header-above-stick-meta":"","header-main-stick-meta":"","header-below-stick-meta":""},"product_brand":[],"product_cat":[23],"product_tag":[24,25],"class_list":{"0":"post-2298","1":"product","2":"type-product","3":"status-publish","4":"has-post-thumbnail","6":"product_cat-fidgets","7":"product_tag-apretables","8":"product_tag-fidgets","9":"desktop-align-left","10":"tablet-align-left","11":"mobile-align-left","13":"first","14":"instock","15":"shipping-taxable","16":"purchasable","17":"product-type-variable"},"aioseo_notices":[],"jetpack_sharing_enabled":true,"_links":{"self":[{"href":"https:\/\/neurodivershop.com\/index.php\/wp-json\/wp\/v2\/product\/2298","targetHints":{"allow":["GET"]}}],"collection":[{"href":"https:\/\/neurodivershop.com\/index.php\/wp-json\/wp\/v2\/product"}],"about":[{"href":"https:\/\/neurodivershop.com\/index.php\/wp-json\/wp\/v2\/types\/product"}],"wp:featuredmedia":[{"embeddable":true,"href":"https:\/\/neurodivershop.com\/index.php\/wp-json\/wp\/v2\/media\/4087"}],"wp:attachment":[{"href":"https:\/\/neurodivershop.com\/index.php\/wp-json\/wp\/v2\/media?parent=2298"}],"wp:term":[{"taxonomy":"product_brand","embeddable":true,"href":"https:\/\/neurodivershop.com\/index.php\/wp-json\/wp\/v2\/product_brand?post=2298"},{"taxonomy":"product_cat","embeddable":true,"href":"https:\/\/neurodivershop.com\/index.php\/wp-json\/wp\/v2\/product_cat?post=2298"},{"taxonomy":"product_tag","embeddable":true,"href":"https:\/\/neurodivershop.com\/index.php\/wp-json\/wp\/v2\/product_tag?post=2298"}],"curies":[{"name":"wp","href":"https:\/\/api.w.org\/{rel}","templated":true}]}}