{"id":2248,"date":"2023-01-17T21:22:31","date_gmt":"2023-01-17T21:22:31","guid":{"rendered":"https:\/\/neurodivershop.com\/?post_type=product&#038;p=2248"},"modified":"2024-10-25T14:17:49","modified_gmt":"2024-10-25T14:17:49","slug":"cubo-rubik","status":"publish","type":"product","link":"https:\/\/neurodivershop.com\/index.php\/product\/cubo-rubik\/","title":{"rendered":"Cubo Rubik"},"content":{"rendered":"<p>El cl\u00e1sico de cl\u00e1sicos, que te mantendr\u00e1 entretenido por horas mientras te permite fidgetear y mejorar tus habilidades, \u00bfhay algo m\u00e1s que decir? Ah s\u00ed, tiene un giro especialmente suavecito \ud83d\ude00<\/p>\n","protected":false},"excerpt":{"rendered":"<p>El cl\u00e1sico de cl\u00e1sicos, que te mantendr\u00e1 entretenido por horas mientras te permite fidgetear y mejorar tus habilidades, \u00bfhay algo m\u00e1s que decir? Ah s\u00ed, tiene un giro especialmente suavecito \ud83d\ude00<\/p>\n","protected":false},"featured_media":2249,"template":"","meta":{"om_disable_all_campaigns":false,"_monsterinsights_skip_tracking":false,"_monsterinsights_sitenote_active":false,"_monsterinsights_sitenote_note":"","_monsterinsights_sitenote_category":0,"site-sidebar-layout":"default","site-content-layout":"default","ast-global-header-display":"","ast-main-header-display":"","ast-hfb-above-header-display":"","ast-hfb-below-header-display":"","ast-hfb-mobile-header-display":"","site-post-title":"","ast-breadcrumbs-content":"","ast-featured-img":"","footer-sml-layout":"","theme-transparent-header-meta":"default","adv-header-id-meta":"","stick-header-meta":"","header-above-stick-meta":"","header-main-stick-meta":"","header-below-stick-meta":""},"product_brand":[],"product_cat":[23],"product_tag":[45,35,25],"class_list":{"0":"post-2248","1":"product","2":"type-product","3":"status-publish","4":"has-post-thumbnail","6":"product_cat-fidgets","7":"product_tag-cubosrubik","8":"product_tag-estilo-de-vida","9":"product_tag-fidgets","10":"desktop-align-left","11":"tablet-align-left","12":"mobile-align-left","14":"first","15":"instock","16":"shipping-taxable","17":"purchasable","18":"product-type-simple"},"aioseo_notices":[],"jetpack_sharing_enabled":true,"_links":{"self":[{"href":"https:\/\/neurodivershop.com\/index.php\/wp-json\/wp\/v2\/product\/2248","targetHints":{"allow":["GET"]}}],"collection":[{"href":"https:\/\/neurodivershop.com\/index.php\/wp-json\/wp\/v2\/product"}],"about":[{"href":"https:\/\/neurodivershop.com\/index.php\/wp-json\/wp\/v2\/types\/product"}],"wp:featuredmedia":[{"embeddable":true,"href":"https:\/\/neurodivershop.com\/index.php\/wp-json\/wp\/v2\/media\/2249"}],"wp:attachment":[{"href":"https:\/\/neurodivershop.com\/index.php\/wp-json\/wp\/v2\/media?parent=2248"}],"wp:term":[{"taxonomy":"product_brand","embeddable":true,"href":"https:\/\/neurodivershop.com\/index.php\/wp-json\/wp\/v2\/product_brand?post=2248"},{"taxonomy":"product_cat","embeddable":true,"href":"https:\/\/neurodivershop.com\/index.php\/wp-json\/wp\/v2\/product_cat?post=2248"},{"taxonomy":"product_tag","embeddable":true,"href":"https:\/\/neurodivershop.com\/index.php\/wp-json\/wp\/v2\/product_tag?post=2248"}],"curies":[{"name":"wp","href":"https:\/\/api.w.org\/{rel}","templated":true}]}}