{"id":2140,"date":"2022-12-28T22:05:51","date_gmt":"2022-12-28T22:05:51","guid":{"rendered":"https:\/\/neurodivershop.com\/?post_type=product&#038;p=2140"},"modified":"2025-08-09T01:33:05","modified_gmt":"2025-08-09T01:33:05","slug":"pin-de-orgullo-autista-preventa","status":"publish","type":"product","link":"https:\/\/neurodivershop.com\/index.php\/product\/pin-de-orgullo-autista-preventa\/","title":{"rendered":"Pin de orgullo autista"},"content":{"rendered":"<p>Este pin\u00a0 tiene el s\u00edmbolo infinito de la neurodiversidad y el texto \u00abSoy autista\u00bb, ideal para mostrar tu orgullo como autista, o tambi\u00e9n para comunicarlo en situaciones de mutismo o en momentos como los viajes en transporte p\u00fablico. Ya sea para ti o para regalo, es un objeto \u00fanico y especial que es un producto exclusivo de Neurodivershop y que no encontrar\u00e1s en otro lugar.<\/p>\n<p>Detalles:<\/p>\n<p>-Est\u00e1 esmaltado y pulido<\/p>\n<p>-Hecho en metal<\/p>\n<p>-Mide aproximadamente 3,5cm<\/p>\n<p>-El cierre es de tipo mariposa (el mejor que hay)<\/p>\n<p>&nbsp;<\/p>\n","protected":false},"excerpt":{"rendered":"<p>Este pin\u00a0 tiene el s\u00edmbolo infinito de la neurodiversidad y el texto \u00abSoy autista\u00bb, ideal para mostrar tu orgullo como autista, o tambi\u00e9n para comunicarlo en situaciones de mutismo o en momentos como los viajes en transporte p\u00fablico. Ya sea para ti o para regalo, es un objeto \u00fanico y especial que es un producto exclusivo de Neurodivershop y que no encontrar\u00e1s en otro lugar.<\/p>\n<p>Detalles:<\/p>\n<p>-Est\u00e1 esmaltado y pulido<\/p>\n<p>-Hecho en metal<\/p>\n<p>-Mide aproximadamente 3,5cm<\/p>\n<p>-El cierre es de tipo mariposa (el mejor que hay)<\/p>\n<p>&nbsp;<\/p>\n","protected":false},"featured_media":3502,"template":"","meta":{"om_disable_all_campaigns":false,"_monsterinsights_skip_tracking":false,"_monsterinsights_sitenote_active":false,"_monsterinsights_sitenote_note":"","_monsterinsights_sitenote_category":0,"site-sidebar-layout":"default","site-content-layout":"default","ast-global-header-display":"","ast-main-header-display":"","ast-hfb-above-header-display":"","ast-hfb-below-header-display":"","ast-hfb-mobile-header-display":"","site-post-title":"","ast-breadcrumbs-content":"","ast-featured-img":"","footer-sml-layout":"","theme-transparent-header-meta":"default","adv-header-id-meta":"","stick-header-meta":"","header-above-stick-meta":"","header-main-stick-meta":"","header-below-stick-meta":""},"product_brand":[],"product_cat":[37,40],"product_tag":[38,35,41],"class_list":{"0":"post-2140","1":"product","2":"type-product","3":"status-publish","4":"has-post-thumbnail","6":"product_cat-accesorio","7":"product_cat-pines","8":"product_tag-accesorio","9":"product_tag-estilo-de-vida","10":"product_tag-pines","11":"desktop-align-left","12":"tablet-align-left","13":"mobile-align-left","15":"first","16":"instock","17":"shipping-taxable","18":"purchasable","19":"product-type-simple"},"aioseo_notices":[],"jetpack_sharing_enabled":true,"_links":{"self":[{"href":"https:\/\/neurodivershop.com\/index.php\/wp-json\/wp\/v2\/product\/2140","targetHints":{"allow":["GET"]}}],"collection":[{"href":"https:\/\/neurodivershop.com\/index.php\/wp-json\/wp\/v2\/product"}],"about":[{"href":"https:\/\/neurodivershop.com\/index.php\/wp-json\/wp\/v2\/types\/product"}],"wp:featuredmedia":[{"embeddable":true,"href":"https:\/\/neurodivershop.com\/index.php\/wp-json\/wp\/v2\/media\/3502"}],"wp:attachment":[{"href":"https:\/\/neurodivershop.com\/index.php\/wp-json\/wp\/v2\/media?parent=2140"}],"wp:term":[{"taxonomy":"product_brand","embeddable":true,"href":"https:\/\/neurodivershop.com\/index.php\/wp-json\/wp\/v2\/product_brand?post=2140"},{"taxonomy":"product_cat","embeddable":true,"href":"https:\/\/neurodivershop.com\/index.php\/wp-json\/wp\/v2\/product_cat?post=2140"},{"taxonomy":"product_tag","embeddable":true,"href":"https:\/\/neurodivershop.com\/index.php\/wp-json\/wp\/v2\/product_tag?post=2140"}],"curies":[{"name":"wp","href":"https:\/\/api.w.org\/{rel}","templated":true}]}}