{"id":2106,"date":"2022-12-16T18:11:08","date_gmt":"2022-12-16T18:11:08","guid":{"rendered":"https:\/\/neurodivershop.com\/?post_type=product&#038;p=2106"},"modified":"2026-03-25T16:59:18","modified_gmt":"2026-03-25T16:59:18","slug":"anillo-fidget","status":"publish","type":"product","link":"https:\/\/neurodivershop.com\/index.php\/product\/anillo-fidget\/","title":{"rendered":"Anillo fidget"},"content":{"rendered":"<p>Si buscas un fidget m\u00e1s discreto y m\u00e1s c\u00f3modo para transportar, este anillo es ideal para ti. Adem\u00e1s de ser hermoso, delicado y tener sugerido en su forma el infinito de la neurodivergencia, es plateado as\u00ed que combina con todo, y tiene pelotitas que se mueven libremente, de modo que puedes jugar con ellas de manera m\u00e1s abierta o m\u00e1s discreta, es tu decisi\u00f3n.<\/p>\n<p>Ah, y por si te preocupa la talla, \u00a1es ajustable! As\u00ed que deber\u00eda poder quedarte bien sin importar el tama\u00f1o de tus dedos.<\/p>\n<p>&nbsp;<\/p>\n","protected":false},"excerpt":{"rendered":"<p>Si buscas un fidget m\u00e1s discreto y m\u00e1s c\u00f3modo para transportar, este anillo es ideal para ti. Adem\u00e1s de ser hermoso, delicado y tener sugerido en su forma el infinito de la neurodivergencia, es plateado as\u00ed que combina con todo, y tiene pelotitas que se mueven libremente, de modo que puedes jugar con ellas de manera m\u00e1s abierta o m\u00e1s discreta, es tu decisi\u00f3n.<\/p>\n<p>Ah, y por si te preocupa la talla, \u00a1es ajustable! As\u00ed que deber\u00eda poder quedarte bien sin importar el tama\u00f1o de tus dedos.<\/p>\n","protected":false},"featured_media":3284,"template":"","meta":{"om_disable_all_campaigns":false,"_monsterinsights_skip_tracking":false,"_monsterinsights_sitenote_active":false,"_monsterinsights_sitenote_note":"","_monsterinsights_sitenote_category":0,"site-sidebar-layout":"default","site-content-layout":"default","ast-global-header-display":"","ast-main-header-display":"","ast-hfb-above-header-display":"","ast-hfb-below-header-display":"","ast-hfb-mobile-header-display":"","site-post-title":"","ast-breadcrumbs-content":"","ast-featured-img":"","footer-sml-layout":"","theme-transparent-header-meta":"default","adv-header-id-meta":"","stick-header-meta":"","header-above-stick-meta":"","header-main-stick-meta":"","header-below-stick-meta":""},"product_brand":[],"product_cat":[37,70,23],"product_tag":[38,39,25],"class_list":{"0":"post-2106","1":"product","2":"type-product","3":"status-publish","4":"has-post-thumbnail","6":"product_cat-accesorio","7":"product_cat-anillos","8":"product_cat-fidgets","9":"product_tag-accesorio","10":"product_tag-anillo","11":"product_tag-fidgets","12":"desktop-align-left","13":"tablet-align-left","14":"mobile-align-left","16":"first","17":"outofstock","18":"shipping-taxable","19":"purchasable","20":"product-type-simple"},"aioseo_notices":[],"jetpack_sharing_enabled":true,"_links":{"self":[{"href":"https:\/\/neurodivershop.com\/index.php\/wp-json\/wp\/v2\/product\/2106","targetHints":{"allow":["GET"]}}],"collection":[{"href":"https:\/\/neurodivershop.com\/index.php\/wp-json\/wp\/v2\/product"}],"about":[{"href":"https:\/\/neurodivershop.com\/index.php\/wp-json\/wp\/v2\/types\/product"}],"wp:featuredmedia":[{"embeddable":true,"href":"https:\/\/neurodivershop.com\/index.php\/wp-json\/wp\/v2\/media\/3284"}],"wp:attachment":[{"href":"https:\/\/neurodivershop.com\/index.php\/wp-json\/wp\/v2\/media?parent=2106"}],"wp:term":[{"taxonomy":"product_brand","embeddable":true,"href":"https:\/\/neurodivershop.com\/index.php\/wp-json\/wp\/v2\/product_brand?post=2106"},{"taxonomy":"product_cat","embeddable":true,"href":"https:\/\/neurodivershop.com\/index.php\/wp-json\/wp\/v2\/product_cat?post=2106"},{"taxonomy":"product_tag","embeddable":true,"href":"https:\/\/neurodivershop.com\/index.php\/wp-json\/wp\/v2\/product_tag?post=2106"}],"curies":[{"name":"wp","href":"https:\/\/api.w.org\/{rel}","templated":true}]}}