{"id":2007,"date":"2022-12-09T17:42:35","date_gmt":"2022-12-09T17:42:35","guid":{"rendered":"https:\/\/neurodivershop.com\/?post_type=product&#038;p=2007"},"modified":"2025-09-30T15:18:16","modified_gmt":"2025-09-30T15:18:16","slug":"spinner-de-la-snitch-dorada-pero-tornasolada","status":"publish","type":"product","link":"https:\/\/neurodivershop.com\/index.php\/product\/spinner-de-la-snitch-dorada-pero-tornasolada\/","title":{"rendered":"Spinner de la snitch dorada (pero tornasolada)"},"content":{"rendered":"<p>\u00a1Atenci\u00f3n fan\u00e1ticos de Harry Potter! La snich dorada ahora viene en su mejor versi\u00f3n \u00a1tornasolada! Este es un spinner MUY especial. Es de metal, s\u00f3lido, de una textura perfecta, gira deliciosamente bien y encima es precioso. Un regalo \u00fanico, ya sea para otros o para ti \ud83d\ude09<\/p>\n","protected":false},"excerpt":{"rendered":"<p>\u00a1Atenci\u00f3n fan\u00e1ticos de Harry Potter! La snich dorada ahora viene en su mejor versi\u00f3n \u00a1tornasolada! Este es un spinner MUY especial. Es de metal, s\u00f3lido, de una textura perfecta, gira deliciosamente bien y encima es precioso. Un regalo \u00fanico, ya sea para otros o para ti \ud83d\ude09<\/p>\n","protected":false},"featured_media":2008,"template":"","meta":{"om_disable_all_campaigns":false,"_monsterinsights_skip_tracking":false,"_monsterinsights_sitenote_active":false,"_monsterinsights_sitenote_note":"","_monsterinsights_sitenote_category":0,"site-sidebar-layout":"default","site-content-layout":"default","ast-global-header-display":"","ast-main-header-display":"","ast-hfb-above-header-display":"","ast-hfb-below-header-display":"","ast-hfb-mobile-header-display":"","site-post-title":"","ast-breadcrumbs-content":"","ast-featured-img":"","footer-sml-layout":"","theme-transparent-header-meta":"default","adv-header-id-meta":"","stick-header-meta":"","header-above-stick-meta":"","header-main-stick-meta":"","header-below-stick-meta":""},"product_brand":[],"product_cat":[23],"product_tag":[25,30],"class_list":{"0":"post-2007","1":"product","2":"type-product","3":"status-publish","4":"has-post-thumbnail","6":"product_cat-fidgets","7":"product_tag-fidgets","8":"product_tag-spinner","9":"desktop-align-left","10":"tablet-align-left","11":"mobile-align-left","13":"first","14":"instock","15":"shipping-taxable","16":"purchasable","17":"product-type-simple"},"aioseo_notices":[],"jetpack_sharing_enabled":true,"_links":{"self":[{"href":"https:\/\/neurodivershop.com\/index.php\/wp-json\/wp\/v2\/product\/2007","targetHints":{"allow":["GET"]}}],"collection":[{"href":"https:\/\/neurodivershop.com\/index.php\/wp-json\/wp\/v2\/product"}],"about":[{"href":"https:\/\/neurodivershop.com\/index.php\/wp-json\/wp\/v2\/types\/product"}],"wp:featuredmedia":[{"embeddable":true,"href":"https:\/\/neurodivershop.com\/index.php\/wp-json\/wp\/v2\/media\/2008"}],"wp:attachment":[{"href":"https:\/\/neurodivershop.com\/index.php\/wp-json\/wp\/v2\/media?parent=2007"}],"wp:term":[{"taxonomy":"product_brand","embeddable":true,"href":"https:\/\/neurodivershop.com\/index.php\/wp-json\/wp\/v2\/product_brand?post=2007"},{"taxonomy":"product_cat","embeddable":true,"href":"https:\/\/neurodivershop.com\/index.php\/wp-json\/wp\/v2\/product_cat?post=2007"},{"taxonomy":"product_tag","embeddable":true,"href":"https:\/\/neurodivershop.com\/index.php\/wp-json\/wp\/v2\/product_tag?post=2007"}],"curies":[{"name":"wp","href":"https:\/\/api.w.org\/{rel}","templated":true}]}}