{"id":1997,"date":"2022-12-09T17:13:19","date_gmt":"2022-12-09T17:13:19","guid":{"rendered":"https:\/\/neurodivershop.com\/?post_type=product&#038;p=1997"},"modified":"2026-03-25T21:29:06","modified_gmt":"2026-03-25T21:29:06","slug":"botonera-triple","status":"publish","type":"product","link":"https:\/\/neurodivershop.com\/index.php\/product\/botonera-triple\/","title":{"rendered":"Botonera triple"},"content":{"rendered":"<p>Esta botonera lo tiene todo: botones suaves, fuertes, silenciosos, sonoros, palancas, deslizadores \u00a1y mucho m\u00e1s! Si necesitas hacer stimming con tus manos esto te dar\u00e1 opciones infinitas, adem\u00e1s es c\u00f3modo y su forma agradable al tacto.<\/p>\n","protected":false},"excerpt":{"rendered":"<p>Esta botonera lo tiene todo: botones suaves, fuertes, silenciosos, sonoros, palancas, deslizadores \u00a1y mucho m\u00e1s! Si necesitas hacer stimming con tus manos esto te dar\u00e1 opciones infinitas, adem\u00e1s es c\u00f3modo y su forma agradable al tacto.<\/p>\n","protected":false},"featured_media":1999,"template":"","meta":{"om_disable_all_campaigns":false,"_monsterinsights_skip_tracking":false,"_monsterinsights_sitenote_active":false,"_monsterinsights_sitenote_note":"","_monsterinsights_sitenote_category":0,"site-sidebar-layout":"default","site-content-layout":"default","ast-global-header-display":"","ast-main-header-display":"","ast-hfb-above-header-display":"","ast-hfb-below-header-display":"","ast-hfb-mobile-header-display":"","site-post-title":"","ast-breadcrumbs-content":"","ast-featured-img":"","footer-sml-layout":"","theme-transparent-header-meta":"default","adv-header-id-meta":"","stick-header-meta":"","header-above-stick-meta":"","header-main-stick-meta":"","header-below-stick-meta":""},"product_brand":[],"product_cat":[23],"product_tag":[24,28],"class_list":{"0":"post-1997","1":"product","2":"type-product","3":"status-publish","4":"has-post-thumbnail","6":"product_cat-fidgets","7":"product_tag-apretables","8":"product_tag-botones","9":"desktop-align-left","10":"tablet-align-left","11":"mobile-align-left","13":"first","14":"instock","15":"shipping-taxable","16":"purchasable","17":"product-type-variable","18":"has-default-attributes"},"aioseo_notices":[],"jetpack_sharing_enabled":true,"_links":{"self":[{"href":"https:\/\/neurodivershop.com\/index.php\/wp-json\/wp\/v2\/product\/1997","targetHints":{"allow":["GET"]}}],"collection":[{"href":"https:\/\/neurodivershop.com\/index.php\/wp-json\/wp\/v2\/product"}],"about":[{"href":"https:\/\/neurodivershop.com\/index.php\/wp-json\/wp\/v2\/types\/product"}],"wp:featuredmedia":[{"embeddable":true,"href":"https:\/\/neurodivershop.com\/index.php\/wp-json\/wp\/v2\/media\/1999"}],"wp:attachment":[{"href":"https:\/\/neurodivershop.com\/index.php\/wp-json\/wp\/v2\/media?parent=1997"}],"wp:term":[{"taxonomy":"product_brand","embeddable":true,"href":"https:\/\/neurodivershop.com\/index.php\/wp-json\/wp\/v2\/product_brand?post=1997"},{"taxonomy":"product_cat","embeddable":true,"href":"https:\/\/neurodivershop.com\/index.php\/wp-json\/wp\/v2\/product_cat?post=1997"},{"taxonomy":"product_tag","embeddable":true,"href":"https:\/\/neurodivershop.com\/index.php\/wp-json\/wp\/v2\/product_tag?post=1997"}],"curies":[{"name":"wp","href":"https:\/\/api.w.org\/{rel}","templated":true}]}}