{"id":1892,"date":"2022-12-06T20:41:35","date_gmt":"2022-12-06T20:41:35","guid":{"rendered":"https:\/\/neurodivershop.com\/?post_type=product&#038;p=1892"},"modified":"2025-07-17T17:19:36","modified_gmt":"2025-07-17T17:19:36","slug":"gato-anvorgesa","status":"publish","type":"product","link":"https:\/\/neurodivershop.com\/index.php\/product\/gato-anvorgesa\/","title":{"rendered":"Gato anvorgesa"},"content":{"rendered":"<p>Un juguete apretable Y DEMASIADO ADORABLE para que te sonr\u00eda cuando te sientas sol@ y adem\u00e1s puedas apretarlo para liberar estr\u00e9s y calmar tu ansiedad. Lo \u00fanico negativo es que cada vez que lo veas te dar\u00e1 hambre.<\/p>\n","protected":false},"excerpt":{"rendered":"<p>Un juguete apretable Y DEMASIADO ADORABLE para que te sonr\u00eda cuando te sientas sol@ y adem\u00e1s puedas apretarlo para liberar estr\u00e9s y calmar tu ansiedad. Lo \u00fanico negativo es que cada vez que lo veas te dar\u00e1 hambre.<\/p>\n","protected":false},"featured_media":1894,"template":"","meta":{"om_disable_all_campaigns":false,"_monsterinsights_skip_tracking":false,"_monsterinsights_sitenote_active":false,"_monsterinsights_sitenote_note":"","_monsterinsights_sitenote_category":0,"site-sidebar-layout":"default","site-content-layout":"default","ast-global-header-display":"","ast-main-header-display":"","ast-hfb-above-header-display":"","ast-hfb-below-header-display":"","ast-hfb-mobile-header-display":"","site-post-title":"","ast-breadcrumbs-content":"","ast-featured-img":"","footer-sml-layout":"","theme-transparent-header-meta":"default","adv-header-id-meta":"","stick-header-meta":"","header-above-stick-meta":"","header-main-stick-meta":"","header-below-stick-meta":""},"product_brand":[],"product_cat":[23],"product_tag":[24,25],"class_list":{"0":"post-1892","1":"product","2":"type-product","3":"status-publish","4":"has-post-thumbnail","6":"product_cat-fidgets","7":"product_tag-apretables","8":"product_tag-fidgets","9":"desktop-align-left","10":"tablet-align-left","11":"mobile-align-left","13":"first","14":"instock","15":"shipping-taxable","16":"purchasable","17":"product-type-simple"},"aioseo_notices":[],"jetpack_sharing_enabled":true,"_links":{"self":[{"href":"https:\/\/neurodivershop.com\/index.php\/wp-json\/wp\/v2\/product\/1892","targetHints":{"allow":["GET"]}}],"collection":[{"href":"https:\/\/neurodivershop.com\/index.php\/wp-json\/wp\/v2\/product"}],"about":[{"href":"https:\/\/neurodivershop.com\/index.php\/wp-json\/wp\/v2\/types\/product"}],"wp:featuredmedia":[{"embeddable":true,"href":"https:\/\/neurodivershop.com\/index.php\/wp-json\/wp\/v2\/media\/1894"}],"wp:attachment":[{"href":"https:\/\/neurodivershop.com\/index.php\/wp-json\/wp\/v2\/media?parent=1892"}],"wp:term":[{"taxonomy":"product_brand","embeddable":true,"href":"https:\/\/neurodivershop.com\/index.php\/wp-json\/wp\/v2\/product_brand?post=1892"},{"taxonomy":"product_cat","embeddable":true,"href":"https:\/\/neurodivershop.com\/index.php\/wp-json\/wp\/v2\/product_cat?post=1892"},{"taxonomy":"product_tag","embeddable":true,"href":"https:\/\/neurodivershop.com\/index.php\/wp-json\/wp\/v2\/product_tag?post=1892"}],"curies":[{"name":"wp","href":"https:\/\/api.w.org\/{rel}","templated":true}]}}