{"id":3826,"date":"2024-11-13T13:47:27","date_gmt":"2024-11-13T13:47:27","guid":{"rendered":"https:\/\/neurodivershop.com\/?page_id=3826"},"modified":"2025-08-08T00:34:43","modified_gmt":"2025-08-08T00:34:43","slug":"elementor-3826","status":"publish","type":"page","link":"https:\/\/neurodivershop.com\/index.php\/elementor-3826\/","title":{"rendered":"T\u00e9rminos y condiciones"},"content":{"rendered":"\t\t<div data-elementor-type=\"wp-page\" data-elementor-id=\"3826\" class=\"elementor elementor-3826\">\n\t\t\t\t\t\t<section class=\"elementor-section elementor-top-section elementor-element elementor-element-cf8324c elementor-section-boxed elementor-section-height-default elementor-section-height-default\" data-id=\"cf8324c\" data-element_type=\"section\">\n\t\t\t\t\t\t<div class=\"elementor-container elementor-column-gap-default\">\n\t\t\t\t\t<div class=\"elementor-column elementor-col-100 elementor-top-column elementor-element elementor-element-b98947d\" data-id=\"b98947d\" data-element_type=\"column\">\n\t\t\t<div class=\"elementor-widget-wrap\">\n\t\t\t\t\t\t\t<\/div>\n\t\t<\/div>\n\t\t\t\t\t<\/div>\n\t\t<\/section>\n\t\t\t\t<section class=\"elementor-section elementor-top-section elementor-element elementor-element-ae0c71f elementor-section-boxed elementor-section-height-default elementor-section-height-default\" data-id=\"ae0c71f\" data-element_type=\"section\">\n\t\t\t\t\t\t<div class=\"elementor-container elementor-column-gap-default\">\n\t\t\t\t\t<div class=\"elementor-column elementor-col-100 elementor-top-column elementor-element elementor-element-be2094d\" data-id=\"be2094d\" data-element_type=\"column\">\n\t\t\t<div class=\"elementor-widget-wrap elementor-element-populated\">\n\t\t\t\t\t\t<div class=\"elementor-element elementor-element-45858e2 elementor-widget elementor-widget-spacer\" data-id=\"45858e2\" data-element_type=\"widget\" data-widget_type=\"spacer.default\">\n\t\t\t\t<div class=\"elementor-widget-container\">\n\t\t\t\t\t\t\t<div class=\"elementor-spacer\">\n\t\t\t<div class=\"elementor-spacer-inner\"><\/div>\n\t\t<\/div>\n\t\t\t\t\t\t<\/div>\n\t\t\t\t<\/div>\n\t\t\t\t<div class=\"elementor-element elementor-element-7b30804 elementor-widget elementor-widget-heading\" data-id=\"7b30804\" data-element_type=\"widget\" data-widget_type=\"heading.default\">\n\t\t\t\t<div class=\"elementor-widget-container\">\n\t\t\t\t\t<h2 class=\"elementor-heading-title elementor-size-default\">T\u00e9rminos y condiciones<\/h2>\t\t\t\t<\/div>\n\t\t\t\t<\/div>\n\t\t\t\t<div class=\"elementor-element elementor-element-03fe93b elementor-widget elementor-widget-text-editor\" data-id=\"03fe93b\" data-element_type=\"widget\" data-widget_type=\"text-editor.default\">\n\t\t\t\t<div class=\"elementor-widget-container\">\n\t\t\t\t\t\t\t\t\t<h3>Informaci\u00f3n General<\/h3>\n<p>Neurodivershop SpA es una tienda en l\u00ednea dedicada a ofrecer productos de apoyo para personas neurodivergentes y sus necesidades sensoriales. Al realizar una compra en este sitio, el cliente acepta los t\u00e9rminos y condiciones descritos a continuaci\u00f3n.<\/p>\n<p>Para consultas, el cliente puede contactarse a trav\u00e9s del formulario en <a href=\"https:\/\/neurodivershop.com\/index.php\/contact-us\/\" target=\"_new\" rel=\"noopener\">neurodivershop.com\/index.php\/contact-us<\/a>.<\/p>\n<h3>Condiciones de Compra<\/h3>\n<p>Para realizar una compra en Neurodivershop, el cliente debe registrarse y crear una cuenta en el sitio web. Actualmente, las ventas y los env\u00edos est\u00e1n disponibles exclusivamente para clientes dentro de Chile.<\/p>\n<h3>M\u00e9todos de Pago<\/h3>\n<p>Neurodivershop acepta pagos mediante tarjetas de d\u00e9bito y cr\u00e9dito. No se aceptan otros m\u00e9todos de pago por el momento.<\/p>\n<p><span style=\"color: var(--ast-global-color-2); font-size: 2rem; font-style: inherit; background-color: var(--ast-global-color-4);\">Pol\u00edtica de Env\u00edo<\/span><\/p>\n<p>Los productos adquiridos en Neurodivershop se env\u00edan exclusivamente dentro de Chile, a trav\u00e9s de la empresa Blue Express. Una vez realizada la compra, el pedido se despachar\u00e1 dentro de un plazo de 4 a 5 d\u00edas h\u00e1biles. Los tiempos de entrega pueden variar seg\u00fan la ubicaci\u00f3n del cliente.<\/p>\n<p><span style=\"color: var(--ast-global-color-2); font-size: 2rem; font-style: inherit; background-color: var(--ast-global-color-4);\">Pol\u00edtica de Devoluciones y Cambios<\/span><\/p>\n<p>Neurodivershop permite devoluciones \u00fanicamente en casos en que el producto llegue da\u00f1ado. La solicitud de devoluci\u00f3n debe realizarse inmediatamente al momento de recibir el producto, que debe entregarse tal como fue recibido.<\/p>\n<p>La entrega del producto para devoluci\u00f3n es responsabilidad del cliente, quien puede optar por hacerlo de forma gratuita en el metro Cementerios (fuera de la estaci\u00f3n, por normativa del metro). Por razones de higiene, no se aceptan devoluciones de tapones auditivos.<\/p>\n<h3>Garant\u00eda y Responsabilidad<\/h3>\n<p>Neurodivershop no se hace responsable de da\u00f1os derivados del uso inadecuado de los productos. En cada p\u00e1gina de producto en el sitio web se encuentran las advertencias espec\u00edficas de uso, las cuales el cliente debe leer antes de realizar la compra.<\/p>\n<h3>Protecci\u00f3n de Datos y Privacidad<\/h3>\n<p>Neurodivershop se compromete a proteger los datos personales de sus clientes. La informaci\u00f3n recopilada se utiliza \u00fanicamente para procesar las compras y, en ocasiones puntuales, para realizar acciones de marketing directo. Bajo ninguna circunstancia se compartir\u00e1n los datos de los clientes con terceros.<\/p>\n<h3>Propiedad Intelectual<\/h3>\n<p>Todo el contenido presente en el sitio web de Neurodivershop, incluyendo im\u00e1genes, textos, logotipos y dise\u00f1o, es propiedad de Neurodivershop SpA. Queda prohibida la reproducci\u00f3n, distribuci\u00f3n o uso de estos elementos sin autorizaci\u00f3n expresa de la tienda.<\/p>\n<h3>Modificaciones a los T\u00e9rminos y Condiciones<\/h3>\n<p>Neurodivershop se reserva el derecho a modificar los t\u00e9rminos y condiciones en cualquier momento. Las actualizaciones ser\u00e1n publicadas en el sitio web, y se recomienda a los clientes revisar esta secci\u00f3n regularmente.<\/p>\n<h3><span style=\"color: var(--ast-global-color-2); font-size: 2rem; font-style: inherit; background-color: var(--ast-global-color-4);\">Compromiso con la Satisfacci\u00f3n del Cliente<\/span><\/h3>\n<p>En Neurodivershop el objetivo principal es la satisfacci\u00f3n del cliente. Si bien estos t\u00e9rminos y condiciones establecen las reglas generales de la tienda, estamos siempre dispuestos a conversar y encontrar soluciones que aseguren la mejor experiencia posible para nuestros clientes. Si tienes alguna inquietud o necesitas asistencia, no dudes en contactarnos.<\/p>\t\t\t\t\t\t\t\t<\/div>\n\t\t\t\t<\/div>\n\t\t\t\t\t<\/div>\n\t\t<\/div>\n\t\t\t\t\t<\/div>\n\t\t<\/section>\n\t\t\t\t<\/div>\n\t\t","protected":false},"excerpt":{"rendered":"<p>T\u00e9rminos y condiciones Informaci\u00f3n General Neurodivershop SpA es una tienda en l\u00ednea dedicada a ofrecer productos de apoyo para personas neurodivergentes y sus necesidades sensoriales. Al realizar una compra en este sitio, el cliente acepta los t\u00e9rminos y condiciones descritos a continuaci\u00f3n. Para consultas, el cliente puede contactarse a trav\u00e9s del formulario en neurodivershop.com\/index.php\/contact-us. Condiciones &hellip;<\/p>\n<p class=\"read-more\"> <a class=\"\" href=\"https:\/\/neurodivershop.com\/index.php\/elementor-3826\/\"> <span class=\"screen-reader-text\">T\u00e9rminos y condiciones<\/span> Leer m\u00e1s &raquo;<\/a><\/p>\n","protected":false},"author":1,"featured_media":0,"parent":0,"menu_order":0,"comment_status":"closed","ping_status":"closed","template":"","meta":{"om_disable_all_campaigns":false,"_monsterinsights_skip_tracking":false,"_monsterinsights_sitenote_active":false,"_monsterinsights_sitenote_note":"","_monsterinsights_sitenote_category":0,"site-sidebar-layout":"no-sidebar","site-content-layout":"page-builder","ast-global-header-display":"","ast-main-header-display":"","ast-hfb-above-header-display":"","ast-hfb-below-header-display":"","ast-hfb-mobile-header-display":"","site-post-title":"disabled","ast-breadcrumbs-content":"","ast-featured-img":"disabled","footer-sml-layout":"","theme-transparent-header-meta":"","adv-header-id-meta":"","stick-header-meta":"","header-above-stick-meta":"","header-main-stick-meta":"","header-below-stick-meta":"","footnotes":""},"class_list":["post-3826","page","type-page","status-publish","hentry"],"aioseo_notices":[],"jetpack_sharing_enabled":true,"_links":{"self":[{"href":"https:\/\/neurodivershop.com\/index.php\/wp-json\/wp\/v2\/pages\/3826","targetHints":{"allow":["GET"]}}],"collection":[{"href":"https:\/\/neurodivershop.com\/index.php\/wp-json\/wp\/v2\/pages"}],"about":[{"href":"https:\/\/neurodivershop.com\/index.php\/wp-json\/wp\/v2\/types\/page"}],"author":[{"embeddable":true,"href":"https:\/\/neurodivershop.com\/index.php\/wp-json\/wp\/v2\/users\/1"}],"replies":[{"embeddable":true,"href":"https:\/\/neurodivershop.com\/index.php\/wp-json\/wp\/v2\/comments?post=3826"}],"version-history":[{"count":8,"href":"https:\/\/neurodivershop.com\/index.php\/wp-json\/wp\/v2\/pages\/3826\/revisions"}],"predecessor-version":[{"id":4213,"href":"https:\/\/neurodivershop.com\/index.php\/wp-json\/wp\/v2\/pages\/3826\/revisions\/4213"}],"wp:attachment":[{"href":"https:\/\/neurodivershop.com\/index.php\/wp-json\/wp\/v2\/media?parent=3826"}],"curies":[{"name":"wp","href":"https:\/\/api.w.org\/{rel}","templated":true}]}}